{"id":81,"date":"2016-06-22T14:04:48","date_gmt":"2016-06-22T12:04:48","guid":{"rendered":"http:\/\/www.tcg-service.de\/?page_id=81"},"modified":"2021-12-31T11:19:37","modified_gmt":"2021-12-31T10:19:37","slug":"impressum","status":"publish","type":"page","link":"https:\/\/www.tcg-service.de\/tr\/home\/impressum\/","title":{"rendered":"K\u00fcnye"},"content":{"rendered":"<h1>Impressum<\/h1>\n<h2>Angaben gem\u00e4\u00df \u00a7 5&nbsp;TMG:<\/h2>\n<p>Tugberk Tas\u00f6ren<\/p>\n<h2>Postanschrift:<\/h2>\n<p>TCG \u2013 Tasoeren Consul\u00adting&nbsp;Group<br> Markgraf-Albrecht-Str. 10<br> 10711 Berlin<\/p>\n<h2>Kontakt:<\/h2>\n<table style=\"border: none;\">\n<tbody>\n<tr>\n<td>Telefon:<\/td>\n<td>+49 (30) 3300\u200a\u2013\u200a2490<\/td>\n<\/tr>\n<tr>\n<td>Telefax:<\/td>\n<td>+49 (30) 3300\u200a\u2013\u200a2491<\/td>\n<\/tr>\n<tr>\n<td>E\u2011Mail:<\/td>\n<td>webmaster@\u200btcg-\u200bservice.\u200bde<\/td>\n<\/tr>\n<\/tbody>\n<\/table>\n<h2>Umsatzsteuer-ID:<\/h2>\n<p>Umsatz\u00adsteuer-Identi\u00adfi\u00adka\u00adti\u00adons\u00adnummer gem\u00e4\u00df \u00a727 a&nbsp;Umsatzsteuergesetz:<br> ist beantragt<\/p>\n<h1>Haftungsausschluss (Disclaimer)<\/h1>\n<h2>Haftung f\u00fcr Inhalte<\/h2>\n<p>Als Diens\u00adte\u00adan\u00adbieter sind wir gem\u00e4\u00df \u00a7 7&nbsp;Abs.1 TMG f\u00fcr eigene Inhalte auf diesen Seiten nach den allge\u00admeinen Gesetzen verant\u00adwort\u00adlich. Nach \u00a7\u00a7 8&nbsp;bis 10 TMG sind wir als Diens\u00adte\u00adan\u00adbieter jedoch nicht verpflichtet, \u00fcbermit\u00adtelte oder gespei\u00adcherte fremde Infor\u00adma\u00adtionen zu \u00fcberwa\u00adchen oder nach Umst\u00e4nden zu forschen, die auf eine rechts\u00adwid\u00adrige T\u00e4tig\u00adkeit hinweisen. Verpflich\u00adtungen zur Entfer\u00adnung oder Sperrung der Nutzung von Infor\u00adma\u00adtionen nach den allge\u00admeinen Gesetzen bleiben hiervon unber\u00fchrt. Eine diesbe\u00adz\u00fcg\u00adliche Haftung ist jedoch erst ab dem Zeitpunkt der Kenntnis einer konkreten Rechts\u00adver\u00adlet\u00adzung m\u00f6glich. Bei Bekannt\u00adwerden von entspre\u00adchenden Rechts\u00adver\u00adlet\u00adzungen werden wir diese Inhalte umgehend entfernen.<\/p>\n<h2>Haftung f\u00fcr&nbsp;Links<\/h2>\n<p>Unser Angebot enth\u00e4lt Links zu externen Webseiten Dritter, auf deren Inhalte wir keinen Einfluss haben. Deshalb k\u00f6nnen wir f\u00fcr diese fremden Inhalte auch keine Gew\u00e4hr \u00fcbernehmen. F\u00fcr die Inhalte der verlinkten Seiten ist stets der jewei\u00adlige Anbieter oder Betreiber der Seiten verant\u00adwort\u00adlich. Die verlinkten Seiten wurden zum Zeitpunkt der Verlin\u00adkung auf m\u00f6gliche Rechts\u00adver\u00adst\u00f6\u00dfe \u00fcberpr\u00fcft. Rechts\u00adwid\u00adrige Inhalte waren zum Zeitpunkt der Verlin\u00adkung nicht erkennbar. Eine perma\u00adnente inhalt\u00adliche Kontrolle der verlinkten Seiten ist jedoch ohne konkrete Anhalts\u00adpunkte einer Rechts\u00adver\u00adlet\u00adzung nicht zumutbar. Bei Bekannt\u00adwerden von Rechts\u00adver\u00adlet\u00adzungen werden wir derar\u00adtige Links umgehend entfernen.<\/p>\n<h2>Urheberrecht<\/h2>\n<p>Die durch die Seiten\u00adbe\u00adtreiber erstellten Inhalte und Werke auf diesen Seiten unter\u00adliegen dem deutschen Urheber\u00adrecht. Die Verviel\u00adf\u00e4l\u00adti\u00adgung, Bearbei\u00adtung, Verbrei\u00adtung und jede Art der Verwer\u00adtung au\u00dfer\u00adhalb der Grenzen des Urheber\u00adrechtes bed\u00fcrfen der schrift\u00adli\u00adchen Zustim\u00admung des jewei\u00adligen Autors bzw. Erstel\u00adlers. Downloads und Kopien dieser Seite sind nur f\u00fcr den privaten, nicht kommer\u00adzi\u00adellen Gebrauch gestattet. Soweit die Inhalte auf dieser Seite nicht vom Betreiber erstellt wurden, werden die Urheber\u00adrechte Dritter beachtet. Insbe\u00adson\u00addere werden Inhalte Dritter als solche gekenn\u00adzeichnet. Sollten Sie trotzdem auf eine Urheber\u00adrechts\u00adver\u00adlet\u00adzung aufmerksam werden, bitten wir um einen entspre\u00adchenden Hinweis. Bei Bekannt\u00adwerden von Rechts\u00adver\u00adlet\u00adzungen werden wir derar\u00adtige Inhalte umgehend entfernen.<\/p>\n","protected":false},"excerpt":{"rendered":"<p>Impressum Angaben gem\u00e4\u00df \u00a7 5&nbsp;TMG: Tugberk Tas\u00f6ren Postan\u00adschrift: TCG \u2013 Tasoeren Consul\u00adting&nbsp;Group Markgraf-Albrecht-Str. 10 10711 Berlin Kontakt: Telefon: +49 (30) 3300 \u2013 2490 Telefax: +49 (30) 3300 \u2013 2491&nbsp;E\u2011Mail: webmaster@\u200btcg-\u200bservice.\u200bde Umsatz\u00adsteuer-ID: Umsat\u00adz\u00ad\u00adsteuer-Identi\u00ad\u00adfi\u00ad\u00adka\u00ad\u00adti\u00adons\u00ad\u00adnummer gem\u00e4\u00df \u00a727 a&nbsp;Umsatz\u00adsteu\u00ader\u00adge\u00adsetz: ist beantragt Haftungs\u00adaus\u00adschluss (Disclaimer) Haftung f\u00fcr Inhalte Als Diens\u00adte\u00adan\u00adbieter sind wir gem\u00e4\u00df \u00a7 7&nbsp;Abs.1 TMG f\u00fcr eigene Inhalte auf diesen Seiten nach den \u2026 <a href=\"https:\/\/www.tcg-service.de\/tr\/home\/impressum\/\" class=\"more-link\"><span class=\"screen-reader-text\">K\u00fcnye<\/span> weiterlesen<\/a><\/p>\n","protected":false},"author":1,"featured_media":0,"parent":2,"menu_order":1,"comment_status":"closed","ping_status":"closed","template":"","meta":{"wp_typography_post_enhancements_disabled":false,"footnotes":""},"class_list":["post-81","page","type-page","status-publish","hentry"],"translation":{"provider":"WPGlobus","version":"3.0.2","language":"tr","enabled_languages":["de","en","tr"],"languages":{"de":{"title":true,"content":true,"excerpt":false},"en":{"title":true,"content":true,"excerpt":false},"tr":{"title":true,"content":false,"excerpt":false}}},"yoast_head":"<!-- This site is optimized with the Yoast SEO plugin v27.5 - https:\/\/yoast.com\/product\/yoast-seo-wordpress\/ -->\n<title>K\u00fcnye | TCG - TASOEREN CONSULTING GROUP<\/title>\n<meta name=\"robots\" content=\"index, follow, max-snippet:-1, max-image-preview:large, max-video-preview:-1\" \/>\n<link rel=\"canonical\" href=\"https:\/\/www.tcg-service.de\/home\/impressum\/\" \/>\n<meta property=\"og:locale\" content=\"tr_TR\" \/>\n<meta property=\"og:type\" content=\"article\" \/>\n<meta property=\"og:title\" content=\"K\u00fcnye | TCG - TASOEREN CONSULTING GROUP\" \/>\n<meta property=\"og:url\" content=\"https:\/\/www.tcg-service.de\/home\/impressum\/\" \/>\n<meta property=\"og:site_name\" content=\"TCG - TASOEREN CONSULTING GROUP\" \/>\n<meta property=\"article:publisher\" content=\"https:\/\/www.facebook.com\/tcg.berlin\" \/>\n<meta property=\"article:modified_time\" content=\"2021-12-31T10:19:37+00:00\" \/>\n<meta name=\"twitter:card\" content=\"summary_large_image\" \/>\n<meta name=\"twitter:site\" content=\"@TCG_Berlin\" \/>\n<meta name=\"twitter:label1\" content=\"Gesch\u00e4tzte Lesezeit\" \/>\n\t<meta name=\"twitter:data1\" content=\"1 minute\" \/>\n<script type=\"application\/ld+json\" class=\"yoast-schema-graph\">{\"@context\":\"https:\\\/\\\/schema.org\",\"@graph\":[{\"@type\":\"WebPage\",\"@id\":\"https:\\\/\\\/www.tcg-service.de\\\/home\\\/impressum\\\/\",\"url\":\"https:\\\/\\\/www.tcg-service.de\\\/home\\\/impressum\\\/\",\"name\":\"K\u00fcnye | TCG - TASOEREN CONSULTING GROUP\",\"isPartOf\":{\"@id\":\"https:\\\/\\\/www.tcg-service.de\\\/#website\"},\"datePublished\":\"2016-06-22T12:04:48+00:00\",\"dateModified\":\"2021-12-31T10:19:37+00:00\",\"breadcrumb\":{\"@id\":\"https:\\\/\\\/www.tcg-service.de\\\/home\\\/impressum\\\/#breadcrumb\"},\"inLanguage\":\"tr-TR\",\"potentialAction\":[{\"@type\":\"ReadAction\",\"target\":[\"https:\\\/\\\/www.tcg-service.de\\\/home\\\/impressum\\\/\"]}]},{\"@type\":\"BreadcrumbList\",\"@id\":\"https:\\\/\\\/www.tcg-service.de\\\/home\\\/impressum\\\/#breadcrumb\",\"itemListElement\":[{\"@type\":\"ListItem\",\"position\":1,\"name\":\"Home\",\"item\":\"https:\\\/\\\/www.tcg-service.de\\\/\"},{\"@type\":\"ListItem\",\"position\":2,\"name\":\"Startseite\",\"item\":\"https:\\\/\\\/www.tcg-service.de\\\/\"},{\"@type\":\"ListItem\",\"position\":3,\"name\":\"Impressum\"}]},{\"@type\":\"WebSite\",\"@id\":\"https:\\\/\\\/www.tcg-service.de\\\/#website\",\"url\":\"https:\\\/\\\/www.tcg-service.de\\\/\",\"name\":\"TCG - TASOEREN CONSULTING GROUP\",\"description\":\"Think differently - Farkl\u0131 bir dan\u0131\u015fmanl\u0131k...\",\"publisher\":{\"@id\":\"https:\\\/\\\/www.tcg-service.de\\\/#organization\"},\"potentialAction\":[{\"@type\":\"SearchAction\",\"target\":{\"@type\":\"EntryPoint\",\"urlTemplate\":\"https:\\\/\\\/www.tcg-service.de\\\/?s={search_term_string}\"},\"query-input\":{\"@type\":\"PropertyValueSpecification\",\"valueRequired\":true,\"valueName\":\"search_term_string\"}}],\"inLanguage\":\"tr-TR\"},{\"@type\":\"Organization\",\"@id\":\"https:\\\/\\\/www.tcg-service.de\\\/#organization\",\"name\":\"TCG - Tasoeren Consulting Group\",\"url\":\"https:\\\/\\\/www.tcg-service.de\\\/\",\"logo\":{\"@type\":\"ImageObject\",\"inLanguage\":\"tr-TR\",\"@id\":\"https:\\\/\\\/www.tcg-service.de\\\/#\\\/schema\\\/logo\\\/image\\\/\",\"url\":\"https:\\\/\\\/i1.wp.com\\\/www.tcg-service.de\\\/wp-content\\\/uploads\\\/TCG-Favicon.png?fit=512%2C512&ssl=1\",\"contentUrl\":\"https:\\\/\\\/i1.wp.com\\\/www.tcg-service.de\\\/wp-content\\\/uploads\\\/TCG-Favicon.png?fit=512%2C512&ssl=1\",\"width\":512,\"height\":512,\"caption\":\"TCG - Tasoeren Consulting Group\"},\"image\":{\"@id\":\"https:\\\/\\\/www.tcg-service.de\\\/#\\\/schema\\\/logo\\\/image\\\/\"},\"sameAs\":[\"https:\\\/\\\/www.facebook.com\\\/tcg.berlin\",\"https:\\\/\\\/x.com\\\/TCG_Berlin\",\"https:\\\/\\\/www.linkedin.com\\\/company\\\/tcg.berlin\"]}]}<\/script>\n<!-- \/ Yoast SEO plugin. -->","yoast_head_json":{"title":"K\u00fcnye | TCG - TASOEREN CONSULTING GROUP","robots":{"index":"index","follow":"follow","max-snippet":"max-snippet:-1","max-image-preview":"max-image-preview:large","max-video-preview":"max-video-preview:-1"},"canonical":"https:\/\/www.tcg-service.de\/home\/impressum\/","og_locale":"tr_TR","og_type":"article","og_title":"K\u00fcnye | TCG - TASOEREN CONSULTING GROUP","og_url":"https:\/\/www.tcg-service.de\/home\/impressum\/","og_site_name":"TCG - TASOEREN CONSULTING GROUP","article_publisher":"https:\/\/www.facebook.com\/tcg.berlin","article_modified_time":"2021-12-31T10:19:37+00:00","twitter_card":"summary_large_image","twitter_site":"@TCG_Berlin","twitter_misc":{"Gesch\u00e4tzte Lesezeit":"1 minute"},"schema":{"@context":"https:\/\/schema.org","@graph":[{"@type":"WebPage","@id":"https:\/\/www.tcg-service.de\/home\/impressum\/","url":"https:\/\/www.tcg-service.de\/home\/impressum\/","name":"K\u00fcnye | TCG - TASOEREN CONSULTING GROUP","isPartOf":{"@id":"https:\/\/www.tcg-service.de\/#website"},"datePublished":"2016-06-22T12:04:48+00:00","dateModified":"2021-12-31T10:19:37+00:00","breadcrumb":{"@id":"https:\/\/www.tcg-service.de\/home\/impressum\/#breadcrumb"},"inLanguage":"tr-TR","potentialAction":[{"@type":"ReadAction","target":["https:\/\/www.tcg-service.de\/home\/impressum\/"]}]},{"@type":"BreadcrumbList","@id":"https:\/\/www.tcg-service.de\/home\/impressum\/#breadcrumb","itemListElement":[{"@type":"ListItem","position":1,"name":"Home","item":"https:\/\/www.tcg-service.de\/"},{"@type":"ListItem","position":2,"name":"Startseite","item":"https:\/\/www.tcg-service.de\/"},{"@type":"ListItem","position":3,"name":"Impressum"}]},{"@type":"WebSite","@id":"https:\/\/www.tcg-service.de\/#website","url":"https:\/\/www.tcg-service.de\/","name":"TCG - TASOEREN CONSULTING GROUP","description":"Think differently - Farkl\u0131 bir dan\u0131\u015fmanl\u0131k...","publisher":{"@id":"https:\/\/www.tcg-service.de\/#organization"},"potentialAction":[{"@type":"SearchAction","target":{"@type":"EntryPoint","urlTemplate":"https:\/\/www.tcg-service.de\/?s={search_term_string}"},"query-input":{"@type":"PropertyValueSpecification","valueRequired":true,"valueName":"search_term_string"}}],"inLanguage":"tr-TR"},{"@type":"Organization","@id":"https:\/\/www.tcg-service.de\/#organization","name":"TCG - Tasoeren Consulting Group","url":"https:\/\/www.tcg-service.de\/","logo":{"@type":"ImageObject","inLanguage":"tr-TR","@id":"https:\/\/www.tcg-service.de\/#\/schema\/logo\/image\/","url":"https:\/\/i1.wp.com\/www.tcg-service.de\/wp-content\/uploads\/TCG-Favicon.png?fit=512%2C512&ssl=1","contentUrl":"https:\/\/i1.wp.com\/www.tcg-service.de\/wp-content\/uploads\/TCG-Favicon.png?fit=512%2C512&ssl=1","width":512,"height":512,"caption":"TCG - Tasoeren Consulting Group"},"image":{"@id":"https:\/\/www.tcg-service.de\/#\/schema\/logo\/image\/"},"sameAs":["https:\/\/www.facebook.com\/tcg.berlin","https:\/\/x.com\/TCG_Berlin","https:\/\/www.linkedin.com\/company\/tcg.berlin"]}]}},"jetpack_sharing_enabled":true,"_links":{"self":[{"href":"https:\/\/www.tcg-service.de\/tr\/wp-json\/wp\/v2\/pages\/81","targetHints":{"allow":["GET"]}}],"collection":[{"href":"https:\/\/www.tcg-service.de\/tr\/wp-json\/wp\/v2\/pages"}],"about":[{"href":"https:\/\/www.tcg-service.de\/tr\/wp-json\/wp\/v2\/types\/page"}],"author":[{"embeddable":true,"href":"https:\/\/www.tcg-service.de\/tr\/wp-json\/wp\/v2\/users\/1"}],"replies":[{"embeddable":true,"href":"https:\/\/www.tcg-service.de\/tr\/wp-json\/wp\/v2\/comments?post=81"}],"version-history":[{"count":18,"href":"https:\/\/www.tcg-service.de\/tr\/wp-json\/wp\/v2\/pages\/81\/revisions"}],"predecessor-version":[{"id":2727,"href":"https:\/\/www.tcg-service.de\/tr\/wp-json\/wp\/v2\/pages\/81\/revisions\/2727"}],"up":[{"embeddable":true,"href":"https:\/\/www.tcg-service.de\/tr\/wp-json\/wp\/v2\/pages\/2"}],"wp:attachment":[{"href":"https:\/\/www.tcg-service.de\/tr\/wp-json\/wp\/v2\/media?parent=81"}],"curies":[{"name":"wp","href":"https:\/\/api.w.org\/{rel}","templated":true}]}}