{"id":68,"date":"2016-06-22T18:17:04","date_gmt":"2016-06-22T16:17:04","guid":{"rendered":"http:\/\/www.tcg-service.de\/?page_id=68"},"modified":"2019-07-11T11:10:59","modified_gmt":"2019-07-11T09:10:59","slug":"service","status":"publish","type":"page","link":"https:\/\/www.tcg-service.de\/tr\/service\/","title":{"rendered":"Leistungen"},"content":{"rendered":"<h1>Unser Leistungsangebot<\/h1>\n<p>In dieser Abtei\u00adlung unserer Internet-Pr\u00e4senz finden Sie die verschie\u00addenen Bereiche, in denen TCG als Beratungs- und Sevice-Dienst\u00adleister Ihnen diverse Leistungen anbietet. In den einzelnen Rubriken finden Sie ausf\u00fchr\u00adliche Infor\u00adma\u00adtionen zu den verschie\u00addenen Angeboten.<\/p>\n<p>Bitte sehen Sie uns nach, dass wir hier keine detail\u00adlierten Preis\u00adan\u00adgaben machen k\u00f6nnen, da die Voraus\u00adset\u00adzungen von Fall zu Fall sehr unter\u00adschied\u00adlich sein k\u00f6nnen und wir immer ein indivi\u00addu\u00adelles Angebot erstellen. Einzig \u00fcber unsere (Reise-) Spesen k\u00f6nnen und wollen wir hier ausdr\u00fcck\u00adlich Auskunft geben, damit Sie vorab einen Eindruck davon erhalten, dass wir zu unserem Wort stehen:<\/p>\n<ol>\n<li>Anreise im Gro\u00dfraum Berlin (bis 100 Km vom Zentrum):<br>\n<span style=\"color: #214263;\"><strong>kosten\u00adfrei<\/strong><\/span><\/li>\n<li>Anreise aus Berlin je angefan\u00adgene 100 Entfernungs-Km:<br>\n<span style=\"color: #214263;\"><strong>100 EUR<\/strong><\/span><br> Wir runden jeweils auf volle 100 Km ab (siehe Punkt&nbsp;1).<br> Trans\u00adfers vor Ort sind in dieser Pauschale enthalten.<\/li>\n<li>\u00dcbernach\u00adtungs\u00adpau\u00adschale vor Ort ab 250 Km, pro&nbsp;Nacht:<br>\n<span style=\"color: #214263;\"><strong>75 EUR<\/strong><\/span><br> Bei mehrt\u00e4\u00adtigen Eins\u00e4tzen, ist eine \u00dcbernach\u00adtung&nbsp;auch<br> ab 100 Km Entfer\u00adnung sinnvoll sowie g\u00fcnstiger f\u00fcr&nbsp;Sie.<\/li>\n<\/ol>\n<p>Finden Sie nicht auch, dass diese Kosten einfach, vern\u00fcnftig und nachvoll\u00adziehbar kalku\u00adliert sind? Nat\u00fcr\u00adlich steht es Ihnen frei, selbst f\u00fcr unsere Anreise und Unter\u00adbrin\u00adgung zu sorgen \u2013 falls Sie also \u00fcber einen Firmenjet und ein G\u00e4ste\u00adhaus verf\u00fcgen, wollen wir Ihnen nicht im Wege stehen. Selbst\u00adver\u00adst\u00e4nd\u00adlich sind wir Ihnen f\u00fcr die Verpfle\u00adgung in Ihrer Betriebs\u00adkan\u00adtine \u2013 sofern vorhanden \u2013 sehr dankbar.<\/p>\n","protected":false},"excerpt":{"rendered":"<p>Unser Leistungs\u00adan\u00adgebot In dieser Abtei\u00adlung unserer Internet-Pr\u00e4senz finden Sie die verschie\u00addenen Bereiche, in denen TCG als Beratungs- und Sevice-Diens\u00adt\u00ad\u00adleister Ihnen diverse Leistungen anbietet. In den einzelnen Rubriken finden Sie ausf\u00fchr\u00adliche Infor\u00adma\u00adtionen zu den verschie\u00addenen Angeboten. Bitte sehen Sie uns nach, dass wir hier keine detail\u00adlierten Preis\u00adan\u00adgaben machen k\u00f6nnen, da die Voraus\u00adset\u00adzungen von Fall zu Fall \u2026 <a href=\"https:\/\/www.tcg-service.de\/tr\/service\/\" class=\"more-link\"><span class=\"screen-reader-text\">Leistungen<\/span> weiterlesen<\/a><\/p>\n","protected":false},"author":1,"featured_media":0,"parent":0,"menu_order":20,"comment_status":"closed","ping_status":"closed","template":"","meta":{"wp_typography_post_enhancements_disabled":false,"footnotes":""},"class_list":["post-68","page","type-page","status-publish","hentry"],"translation":{"provider":"WPGlobus","version":"3.0.2","language":"tr","enabled_languages":["de","en","tr"],"languages":{"de":{"title":true,"content":true,"excerpt":false},"en":{"title":true,"content":true,"excerpt":false},"tr":{"title":false,"content":false,"excerpt":false}}},"yoast_head":"<!-- This site is optimized with the Yoast SEO plugin v27.5 - https:\/\/yoast.com\/product\/yoast-seo-wordpress\/ -->\n<title>| TCG - TASOEREN CONSULTING GROUP<\/title>\n<meta name=\"robots\" content=\"index, follow, max-snippet:-1, max-image-preview:large, max-video-preview:-1\" \/>\n<link rel=\"canonical\" href=\"https:\/\/www.tcg-service.de\/tr\/service\/\" \/>\n<meta property=\"og:locale\" content=\"tr_TR\" \/>\n<meta property=\"og:type\" content=\"article\" \/>\n<meta property=\"og:title\" content=\"| TCG - TASOEREN CONSULTING GROUP\" \/>\n<meta property=\"og:url\" content=\"https:\/\/www.tcg-service.de\/tr\/service\/\" \/>\n<meta property=\"og:site_name\" content=\"TCG - TASOEREN CONSULTING GROUP\" \/>\n<meta property=\"article:publisher\" content=\"https:\/\/www.facebook.com\/tcg.berlin\" \/>\n<meta property=\"article:modified_time\" content=\"2019-07-11T09:10:59+00:00\" \/>\n<meta name=\"twitter:card\" content=\"summary_large_image\" \/>\n<meta name=\"twitter:site\" content=\"@TCG_Berlin\" \/>\n<meta name=\"twitter:label1\" content=\"Gesch\u00e4tzte Lesezeit\" \/>\n\t<meta name=\"twitter:data1\" content=\"2 minutes\" \/>\n<script type=\"application\/ld+json\" class=\"yoast-schema-graph\">{\"@context\":\"https:\\\/\\\/schema.org\",\"@graph\":[{\"@type\":\"WebPage\",\"@id\":\"https:\\\/\\\/www.tcg-service.de\\\/tr\\\/service\\\/\",\"url\":\"https:\\\/\\\/www.tcg-service.de\\\/tr\\\/service\\\/\",\"name\":\"| TCG - TASOEREN CONSULTING GROUP\",\"isPartOf\":{\"@id\":\"https:\\\/\\\/www.tcg-service.de\\\/#website\"},\"datePublished\":\"2016-06-22T16:17:04+00:00\",\"dateModified\":\"2019-07-11T09:10:59+00:00\",\"breadcrumb\":{\"@id\":\"https:\\\/\\\/www.tcg-service.de\\\/tr\\\/service\\\/#breadcrumb\"},\"inLanguage\":\"tr-TR\",\"potentialAction\":[{\"@type\":\"ReadAction\",\"target\":[\"https:\\\/\\\/www.tcg-service.de\\\/tr\\\/service\\\/\"]}]},{\"@type\":\"BreadcrumbList\",\"@id\":\"https:\\\/\\\/www.tcg-service.de\\\/tr\\\/service\\\/#breadcrumb\",\"itemListElement\":[{\"@type\":\"ListItem\",\"position\":1,\"name\":\"Home\",\"item\":\"https:\\\/\\\/www.tcg-service.de\\\/\"},{\"@type\":\"ListItem\",\"position\":2,\"name\":\"Leistungen\"}]},{\"@type\":\"WebSite\",\"@id\":\"https:\\\/\\\/www.tcg-service.de\\\/#website\",\"url\":\"https:\\\/\\\/www.tcg-service.de\\\/\",\"name\":\"TCG - TASOEREN CONSULTING GROUP\",\"description\":\"Think differently - Farkl\u0131 bir dan\u0131\u015fmanl\u0131k...\",\"publisher\":{\"@id\":\"https:\\\/\\\/www.tcg-service.de\\\/#organization\"},\"potentialAction\":[{\"@type\":\"SearchAction\",\"target\":{\"@type\":\"EntryPoint\",\"urlTemplate\":\"https:\\\/\\\/www.tcg-service.de\\\/?s={search_term_string}\"},\"query-input\":{\"@type\":\"PropertyValueSpecification\",\"valueRequired\":true,\"valueName\":\"search_term_string\"}}],\"inLanguage\":\"tr-TR\"},{\"@type\":\"Organization\",\"@id\":\"https:\\\/\\\/www.tcg-service.de\\\/#organization\",\"name\":\"TCG - Tasoeren Consulting Group\",\"url\":\"https:\\\/\\\/www.tcg-service.de\\\/\",\"logo\":{\"@type\":\"ImageObject\",\"inLanguage\":\"tr-TR\",\"@id\":\"https:\\\/\\\/www.tcg-service.de\\\/#\\\/schema\\\/logo\\\/image\\\/\",\"url\":\"https:\\\/\\\/i1.wp.com\\\/www.tcg-service.de\\\/wp-content\\\/uploads\\\/TCG-Favicon.png?fit=512%2C512&ssl=1\",\"contentUrl\":\"https:\\\/\\\/i1.wp.com\\\/www.tcg-service.de\\\/wp-content\\\/uploads\\\/TCG-Favicon.png?fit=512%2C512&ssl=1\",\"width\":512,\"height\":512,\"caption\":\"TCG - Tasoeren Consulting Group\"},\"image\":{\"@id\":\"https:\\\/\\\/www.tcg-service.de\\\/#\\\/schema\\\/logo\\\/image\\\/\"},\"sameAs\":[\"https:\\\/\\\/www.facebook.com\\\/tcg.berlin\",\"https:\\\/\\\/x.com\\\/TCG_Berlin\",\"https:\\\/\\\/www.linkedin.com\\\/company\\\/tcg.berlin\"]}]}<\/script>\n<!-- \/ Yoast SEO plugin. -->","yoast_head_json":{"title":"| TCG - TASOEREN CONSULTING GROUP","robots":{"index":"index","follow":"follow","max-snippet":"max-snippet:-1","max-image-preview":"max-image-preview:large","max-video-preview":"max-video-preview:-1"},"canonical":"https:\/\/www.tcg-service.de\/tr\/service\/","og_locale":"tr_TR","og_type":"article","og_title":"| TCG - TASOEREN CONSULTING GROUP","og_url":"https:\/\/www.tcg-service.de\/tr\/service\/","og_site_name":"TCG - TASOEREN CONSULTING GROUP","article_publisher":"https:\/\/www.facebook.com\/tcg.berlin","article_modified_time":"2019-07-11T09:10:59+00:00","twitter_card":"summary_large_image","twitter_site":"@TCG_Berlin","twitter_misc":{"Gesch\u00e4tzte Lesezeit":"2 minutes"},"schema":{"@context":"https:\/\/schema.org","@graph":[{"@type":"WebPage","@id":"https:\/\/www.tcg-service.de\/tr\/service\/","url":"https:\/\/www.tcg-service.de\/tr\/service\/","name":"| TCG - TASOEREN CONSULTING GROUP","isPartOf":{"@id":"https:\/\/www.tcg-service.de\/#website"},"datePublished":"2016-06-22T16:17:04+00:00","dateModified":"2019-07-11T09:10:59+00:00","breadcrumb":{"@id":"https:\/\/www.tcg-service.de\/tr\/service\/#breadcrumb"},"inLanguage":"tr-TR","potentialAction":[{"@type":"ReadAction","target":["https:\/\/www.tcg-service.de\/tr\/service\/"]}]},{"@type":"BreadcrumbList","@id":"https:\/\/www.tcg-service.de\/tr\/service\/#breadcrumb","itemListElement":[{"@type":"ListItem","position":1,"name":"Home","item":"https:\/\/www.tcg-service.de\/"},{"@type":"ListItem","position":2,"name":"Leistungen"}]},{"@type":"WebSite","@id":"https:\/\/www.tcg-service.de\/#website","url":"https:\/\/www.tcg-service.de\/","name":"TCG - TASOEREN CONSULTING GROUP","description":"Think differently - Farkl\u0131 bir dan\u0131\u015fmanl\u0131k...","publisher":{"@id":"https:\/\/www.tcg-service.de\/#organization"},"potentialAction":[{"@type":"SearchAction","target":{"@type":"EntryPoint","urlTemplate":"https:\/\/www.tcg-service.de\/?s={search_term_string}"},"query-input":{"@type":"PropertyValueSpecification","valueRequired":true,"valueName":"search_term_string"}}],"inLanguage":"tr-TR"},{"@type":"Organization","@id":"https:\/\/www.tcg-service.de\/#organization","name":"TCG - Tasoeren Consulting Group","url":"https:\/\/www.tcg-service.de\/","logo":{"@type":"ImageObject","inLanguage":"tr-TR","@id":"https:\/\/www.tcg-service.de\/#\/schema\/logo\/image\/","url":"https:\/\/i1.wp.com\/www.tcg-service.de\/wp-content\/uploads\/TCG-Favicon.png?fit=512%2C512&ssl=1","contentUrl":"https:\/\/i1.wp.com\/www.tcg-service.de\/wp-content\/uploads\/TCG-Favicon.png?fit=512%2C512&ssl=1","width":512,"height":512,"caption":"TCG - Tasoeren Consulting Group"},"image":{"@id":"https:\/\/www.tcg-service.de\/#\/schema\/logo\/image\/"},"sameAs":["https:\/\/www.facebook.com\/tcg.berlin","https:\/\/x.com\/TCG_Berlin","https:\/\/www.linkedin.com\/company\/tcg.berlin"]}]}},"jetpack_sharing_enabled":true,"_links":{"self":[{"href":"https:\/\/www.tcg-service.de\/tr\/wp-json\/wp\/v2\/pages\/68","targetHints":{"allow":["GET"]}}],"collection":[{"href":"https:\/\/www.tcg-service.de\/tr\/wp-json\/wp\/v2\/pages"}],"about":[{"href":"https:\/\/www.tcg-service.de\/tr\/wp-json\/wp\/v2\/types\/page"}],"author":[{"embeddable":true,"href":"https:\/\/www.tcg-service.de\/tr\/wp-json\/wp\/v2\/users\/1"}],"replies":[{"embeddable":true,"href":"https:\/\/www.tcg-service.de\/tr\/wp-json\/wp\/v2\/comments?post=68"}],"version-history":[{"count":15,"href":"https:\/\/www.tcg-service.de\/tr\/wp-json\/wp\/v2\/pages\/68\/revisions"}],"predecessor-version":[{"id":1592,"href":"https:\/\/www.tcg-service.de\/tr\/wp-json\/wp\/v2\/pages\/68\/revisions\/1592"}],"wp:attachment":[{"href":"https:\/\/www.tcg-service.de\/tr\/wp-json\/wp\/v2\/media?parent=68"}],"curies":[{"name":"wp","href":"https:\/\/api.w.org\/{rel}","templated":true}]}}