{"id":2,"date":"2016-03-11T09:15:46","date_gmt":"2016-03-11T08:15:46","guid":{"rendered":"http:\/\/www.tcg-service.de\/?page_id=2"},"modified":"2022-10-23T12:35:27","modified_gmt":"2022-10-23T10:35:27","slug":"home","status":"publish","type":"page","link":"https:\/\/www.tcg-service.de\/tr\/","title":{"rendered":"Anasayfa"},"content":{"rendered":"<h1>Willkommen bei&nbsp;TCG!<\/h1>\n<p>Wir freuen uns dar\u00fcber, dass Sie uns besuchen. Auf unseren Seiten finden sie alles Wissens\u00adwerte dar\u00fcber, wer oder was TCG ist, was wir machen und anbieten. Wir sind davon \u00fcberzeugt, dass Sie genau das finden werden, wonach Sie schon lange gesucht haben.<\/p>\n<h1>Beratung mal anders?<\/h1>\n<p>Was soll das hei\u00dfen? Ganz einfach \u2013 wir heben uns von den klassi\u00adschen Unter\u00adneh\u00admens\u00adbe\u00adra\u00adtungen ab, weil wir nicht nur Zahlen im Kopf haben und nach einem Schema vorgehen. Nein, wir hecheln nicht alle zwei Jahre einem neuen Trend hinterher. Sie wollen mehr wissen?<br> Weitere inter\u00ades\u00adsante Infor\u00adma\u00adtionen finden Sie auf der Seite \u00fcber unsere <a href=\"https:\/\/www.tcg-service.de\/ueber-uns\/philosophie\">Unter\u00adneh\u00admens\u00adphi\u00adlop\u00adso\u00adphie<\/a>.<\/p>\n<h1>Unsere Dienstleistungen<\/h1>\n<p>Hier ein kleiner \u00dcberblick \u00fcber unsere Haupt-Dienstleistungsbereiche:<\/p>\n<ul>\n<li><a href=\"http:\/\/www.tcg-service.de\/service\/unternehmensberatung\">Unter\u00adneh\u00admens\u00adbe\u00adra\u00adtung<\/a><\/li>\n<\/ul>\n<ul>\n<li><a href=\"http:\/\/www.tcg-service.de\/service\/kommunikationstraining\">Kommu\u00adni\u00adka\u00adti\u00adons\u00adtrai\u00adning<\/a><\/li>\n<\/ul>\n<ul>\n<li><a href=\"http:\/\/www.tcg-service.de\/service\/kreative-problemloesung\">kreative Problem\u00adl\u00f6\u00adsungen<\/a><\/li>\n<\/ul>\n<ul>\n<li><a href=\"http:\/\/www.tcg-service.de\/service\/auslandsservice\">Service f\u00fcr ausl\u00e4n\u00addi\u00adsche Unter\u00adnehmen in Deutschland<\/a><\/li>\n<\/ul>\n<p>Nat\u00fcr\u00adlich bieten wir sehr viel mehr an, als wir Ihnen hier zumuten m\u00f6chten, weshalb Sie die Details in den jewei\u00adligen Abtei\u00adlungen finden.<\/p>\n","protected":false},"excerpt":{"rendered":"<p>Willkommen bei&nbsp;TCG! Wir freuen uns dar\u00fcber, dass Sie uns besuchen. Auf unseren Seiten finden sie alles Wissens\u00adwerte dar\u00fcber, wer oder was TCG ist, was wir machen und anbieten. Wir sind davon \u00fcberzeugt, dass Sie genau das finden werden, wonach Sie schon lange gesucht haben. Beratung mal anders? Was soll das hei\u00dfen? Ganz einfach \u2013 wir \u2026 <a href=\"https:\/\/www.tcg-service.de\/tr\/\" class=\"more-link\"><span class=\"screen-reader-text\">Anasayfa<\/span> weiterlesen<\/a><\/p>\n","protected":false},"author":1,"featured_media":0,"parent":0,"menu_order":0,"comment_status":"closed","ping_status":"closed","template":"","meta":{"wp_typography_post_enhancements_disabled":false,"footnotes":""},"class_list":["post-2","page","type-page","status-publish","hentry"],"translation":{"provider":"WPGlobus","version":"3.0.2","language":"tr","enabled_languages":["de","en","tr"],"languages":{"de":{"title":true,"content":true,"excerpt":false},"en":{"title":true,"content":true,"excerpt":false},"tr":{"title":true,"content":false,"excerpt":false}}},"yoast_head":"<!-- This site is optimized with the Yoast SEO plugin v27.5 - https:\/\/yoast.com\/product\/yoast-seo-wordpress\/ -->\n<title>TCG - TASOEREN CONSULTING GROUP<\/title>\n<meta name=\"robots\" content=\"index, follow, max-snippet:-1, max-image-preview:large, max-video-preview:-1\" \/>\n<link rel=\"canonical\" href=\"https:\/\/www.tcg-service.de\/\" \/>\n<meta property=\"og:locale\" content=\"tr_TR\" \/>\n<meta property=\"og:type\" content=\"article\" \/>\n<meta property=\"og:title\" content=\"TCG - TASOEREN CONSULTING GROUP\" \/>\n<meta property=\"og:url\" content=\"https:\/\/www.tcg-service.de\/\" \/>\n<meta property=\"og:site_name\" content=\"TCG - TASOEREN CONSULTING GROUP\" \/>\n<meta property=\"article:publisher\" content=\"https:\/\/www.facebook.com\/tcg.berlin\" \/>\n<meta property=\"article:modified_time\" content=\"2022-10-23T10:35:27+00:00\" \/>\n<meta name=\"twitter:card\" content=\"summary_large_image\" \/>\n<meta name=\"twitter:site\" content=\"@TCG_Berlin\" \/>\n<meta name=\"twitter:label1\" content=\"Gesch\u00e4tzte Lesezeit\" \/>\n\t<meta name=\"twitter:data1\" content=\"1 minute\" \/>\n<script type=\"application\/ld+json\" class=\"yoast-schema-graph\">{\"@context\":\"https:\\\/\\\/schema.org\",\"@graph\":[{\"@type\":\"WebPage\",\"@id\":\"https:\\\/\\\/www.tcg-service.de\\\/\",\"url\":\"https:\\\/\\\/www.tcg-service.de\\\/\",\"name\":\"TCG - TASOEREN CONSULTING GROUP\",\"isPartOf\":{\"@id\":\"https:\\\/\\\/www.tcg-service.de\\\/#website\"},\"datePublished\":\"2016-03-11T08:15:46+00:00\",\"dateModified\":\"2022-10-23T10:35:27+00:00\",\"description\":\"Think differently - Beratung mal anders... TCG bietet Beratung auf h\u00f6chstem Niveau mit Sinn und Verstand f\u00fcr Unternehmer mit Hirn und Herz!\",\"breadcrumb\":{\"@id\":\"https:\\\/\\\/www.tcg-service.de\\\/#breadcrumb\"},\"inLanguage\":\"tr-TR\",\"potentialAction\":[{\"@type\":\"ReadAction\",\"target\":[\"https:\\\/\\\/www.tcg-service.de\\\/\"]}]},{\"@type\":\"BreadcrumbList\",\"@id\":\"https:\\\/\\\/www.tcg-service.de\\\/#breadcrumb\",\"itemListElement\":[{\"@type\":\"ListItem\",\"position\":1,\"name\":\"Home\",\"item\":\"https:\\\/\\\/www.tcg-service.de\\\/\"},{\"@type\":\"ListItem\",\"position\":2,\"name\":\"Startseite\"}]},{\"@type\":\"WebSite\",\"@id\":\"https:\\\/\\\/www.tcg-service.de\\\/#website\",\"url\":\"https:\\\/\\\/www.tcg-service.de\\\/\",\"name\":\"TCG - TASOEREN CONSULTING GROUP\",\"description\":\"Think differently - Farkl\u0131 bir dan\u0131\u015fmanl\u0131k...\",\"publisher\":{\"@id\":\"https:\\\/\\\/www.tcg-service.de\\\/#organization\"},\"potentialAction\":[{\"@type\":\"SearchAction\",\"target\":{\"@type\":\"EntryPoint\",\"urlTemplate\":\"https:\\\/\\\/www.tcg-service.de\\\/?s={search_term_string}\"},\"query-input\":{\"@type\":\"PropertyValueSpecification\",\"valueRequired\":true,\"valueName\":\"search_term_string\"}}],\"inLanguage\":\"tr-TR\"},{\"@type\":\"Organization\",\"@id\":\"https:\\\/\\\/www.tcg-service.de\\\/#organization\",\"name\":\"TCG - Tasoeren Consulting Group\",\"url\":\"https:\\\/\\\/www.tcg-service.de\\\/\",\"logo\":{\"@type\":\"ImageObject\",\"inLanguage\":\"tr-TR\",\"@id\":\"https:\\\/\\\/www.tcg-service.de\\\/#\\\/schema\\\/logo\\\/image\\\/\",\"url\":\"https:\\\/\\\/i1.wp.com\\\/www.tcg-service.de\\\/wp-content\\\/uploads\\\/TCG-Favicon.png?fit=512%2C512&ssl=1\",\"contentUrl\":\"https:\\\/\\\/i1.wp.com\\\/www.tcg-service.de\\\/wp-content\\\/uploads\\\/TCG-Favicon.png?fit=512%2C512&ssl=1\",\"width\":512,\"height\":512,\"caption\":\"TCG - Tasoeren Consulting Group\"},\"image\":{\"@id\":\"https:\\\/\\\/www.tcg-service.de\\\/#\\\/schema\\\/logo\\\/image\\\/\"},\"sameAs\":[\"https:\\\/\\\/www.facebook.com\\\/tcg.berlin\",\"https:\\\/\\\/x.com\\\/TCG_Berlin\",\"https:\\\/\\\/www.linkedin.com\\\/company\\\/tcg.berlin\"]}]}<\/script>\n<!-- \/ Yoast SEO plugin. -->","yoast_head_json":{"title":"TCG - TASOEREN CONSULTING GROUP","robots":{"index":"index","follow":"follow","max-snippet":"max-snippet:-1","max-image-preview":"max-image-preview:large","max-video-preview":"max-video-preview:-1"},"canonical":"https:\/\/www.tcg-service.de\/","og_locale":"tr_TR","og_type":"article","og_title":"TCG - TASOEREN CONSULTING GROUP","og_url":"https:\/\/www.tcg-service.de\/","og_site_name":"TCG - TASOEREN CONSULTING GROUP","article_publisher":"https:\/\/www.facebook.com\/tcg.berlin","article_modified_time":"2022-10-23T10:35:27+00:00","twitter_card":"summary_large_image","twitter_site":"@TCG_Berlin","twitter_misc":{"Gesch\u00e4tzte Lesezeit":"1 minute"},"schema":{"@context":"https:\/\/schema.org","@graph":[{"@type":"WebPage","@id":"https:\/\/www.tcg-service.de\/","url":"https:\/\/www.tcg-service.de\/","name":"TCG - TASOEREN CONSULTING GROUP","isPartOf":{"@id":"https:\/\/www.tcg-service.de\/#website"},"datePublished":"2016-03-11T08:15:46+00:00","dateModified":"2022-10-23T10:35:27+00:00","description":"Think differently - Beratung mal anders... TCG bietet Beratung auf h\u00f6chstem Niveau mit Sinn und Verstand f\u00fcr Unternehmer mit Hirn und Herz!","breadcrumb":{"@id":"https:\/\/www.tcg-service.de\/#breadcrumb"},"inLanguage":"tr-TR","potentialAction":[{"@type":"ReadAction","target":["https:\/\/www.tcg-service.de\/"]}]},{"@type":"BreadcrumbList","@id":"https:\/\/www.tcg-service.de\/#breadcrumb","itemListElement":[{"@type":"ListItem","position":1,"name":"Home","item":"https:\/\/www.tcg-service.de\/"},{"@type":"ListItem","position":2,"name":"Startseite"}]},{"@type":"WebSite","@id":"https:\/\/www.tcg-service.de\/#website","url":"https:\/\/www.tcg-service.de\/","name":"TCG - TASOEREN CONSULTING GROUP","description":"Think differently - Farkl\u0131 bir dan\u0131\u015fmanl\u0131k...","publisher":{"@id":"https:\/\/www.tcg-service.de\/#organization"},"potentialAction":[{"@type":"SearchAction","target":{"@type":"EntryPoint","urlTemplate":"https:\/\/www.tcg-service.de\/?s={search_term_string}"},"query-input":{"@type":"PropertyValueSpecification","valueRequired":true,"valueName":"search_term_string"}}],"inLanguage":"tr-TR"},{"@type":"Organization","@id":"https:\/\/www.tcg-service.de\/#organization","name":"TCG - Tasoeren Consulting Group","url":"https:\/\/www.tcg-service.de\/","logo":{"@type":"ImageObject","inLanguage":"tr-TR","@id":"https:\/\/www.tcg-service.de\/#\/schema\/logo\/image\/","url":"https:\/\/i1.wp.com\/www.tcg-service.de\/wp-content\/uploads\/TCG-Favicon.png?fit=512%2C512&ssl=1","contentUrl":"https:\/\/i1.wp.com\/www.tcg-service.de\/wp-content\/uploads\/TCG-Favicon.png?fit=512%2C512&ssl=1","width":512,"height":512,"caption":"TCG - Tasoeren Consulting Group"},"image":{"@id":"https:\/\/www.tcg-service.de\/#\/schema\/logo\/image\/"},"sameAs":["https:\/\/www.facebook.com\/tcg.berlin","https:\/\/x.com\/TCG_Berlin","https:\/\/www.linkedin.com\/company\/tcg.berlin"]}]}},"jetpack_sharing_enabled":true,"_links":{"self":[{"href":"https:\/\/www.tcg-service.de\/tr\/wp-json\/wp\/v2\/pages\/2","targetHints":{"allow":["GET"]}}],"collection":[{"href":"https:\/\/www.tcg-service.de\/tr\/wp-json\/wp\/v2\/pages"}],"about":[{"href":"https:\/\/www.tcg-service.de\/tr\/wp-json\/wp\/v2\/types\/page"}],"author":[{"embeddable":true,"href":"https:\/\/www.tcg-service.de\/tr\/wp-json\/wp\/v2\/users\/1"}],"replies":[{"embeddable":true,"href":"https:\/\/www.tcg-service.de\/tr\/wp-json\/wp\/v2\/comments?post=2"}],"version-history":[{"count":54,"href":"https:\/\/www.tcg-service.de\/tr\/wp-json\/wp\/v2\/pages\/2\/revisions"}],"predecessor-version":[{"id":3451,"href":"https:\/\/www.tcg-service.de\/tr\/wp-json\/wp\/v2\/pages\/2\/revisions\/3451"}],"wp:attachment":[{"href":"https:\/\/www.tcg-service.de\/tr\/wp-json\/wp\/v2\/media?parent=2"}],"curies":[{"name":"wp","href":"https:\/\/api.w.org\/{rel}","templated":true}]}}