{"id":18,"date":"2016-03-13T10:06:09","date_gmt":"2016-03-13T09:06:09","guid":{"rendered":"http:\/\/www.tcg-service.de\/?page_id=18"},"modified":"2021-03-08T11:35:42","modified_gmt":"2021-03-08T10:35:42","slug":"ueber-uns","status":"publish","type":"page","link":"https:\/\/www.tcg-service.de\/tr\/ueber-uns\/","title":{"rendered":"\u00dcber uns"},"content":{"rendered":"<h1>\u00dcber uns<\/h1>\n<p>In diesem Bereich finden Sie alle wichtigen Infor\u00adma\u00adtionen \u00fcber TCG. In den verschie\u00addenen Katego\u00adrien k\u00f6nnen Sie sich \u00fcber Perso\u00adna\u00adlien, Geschichte, Philo\u00adso\u00adphie, Koope\u00adra\u00adtionen und Partner von TCG erkundigen.<\/p>\n<p>Wir wollen Ihnen einen Einblick darin geben, mit wem Sie es zu tun haben, wie wir denken und arbeiten und warum Sie m\u00f6gli\u00adcher\u00adweise bei uns finden, was es sonst nirgendwo gibt.<\/p>\n<p>Sind Sie schon neugierig?<\/p>\n","protected":false},"excerpt":{"rendered":"<p>\u00dcber uns In diesem Bereich finden Sie alle wichtigen Infor\u00adma\u00adtionen \u00fcber TCG. In den verschie\u00addenen Katego\u00adrien k\u00f6nnen Sie sich \u00fcber Perso\u00adna\u00adlien, Geschichte, Philo\u00adso\u00adphie, Koope\u00adra\u00adtionen und Partner von TCG erkun\u00addigen. Wir wollen Ihnen einen Einblick darin geben, mit wem Sie es zu tun haben, wie wir denken und arbeiten und warum Sie m\u00f6gli\u00adcher\u00adweise bei uns finden, \u2026 <a href=\"https:\/\/www.tcg-service.de\/tr\/ueber-uns\/\" class=\"more-link\"><span class=\"screen-reader-text\">\u00dcber uns<\/span> weiterlesen<\/a><\/p>\n","protected":false},"author":1,"featured_media":0,"parent":0,"menu_order":10,"comment_status":"closed","ping_status":"closed","template":"","meta":{"wp_typography_post_enhancements_disabled":false,"footnotes":""},"class_list":["post-18","page","type-page","status-publish","hentry"],"translation":{"provider":"WPGlobus","version":"3.0.2","language":"tr","enabled_languages":["de","en","tr"],"languages":{"de":{"title":true,"content":true,"excerpt":false},"en":{"title":true,"content":true,"excerpt":false},"tr":{"title":false,"content":false,"excerpt":false}}},"yoast_head":"<!-- This site is optimized with the Yoast SEO plugin v27.5 - https:\/\/yoast.com\/product\/yoast-seo-wordpress\/ -->\n<title>| TCG - TASOEREN CONSULTING GROUP<\/title>\n<meta name=\"robots\" content=\"index, follow, max-snippet:-1, max-image-preview:large, max-video-preview:-1\" \/>\n<link rel=\"canonical\" href=\"https:\/\/www.tcg-service.de\/ueber-uns\/\" \/>\n<meta property=\"og:locale\" content=\"tr_TR\" \/>\n<meta property=\"og:type\" content=\"article\" \/>\n<meta property=\"og:title\" content=\"| TCG - TASOEREN CONSULTING GROUP\" \/>\n<meta property=\"og:url\" content=\"https:\/\/www.tcg-service.de\/ueber-uns\/\" \/>\n<meta property=\"og:site_name\" content=\"TCG - TASOEREN CONSULTING GROUP\" \/>\n<meta property=\"article:publisher\" content=\"https:\/\/www.facebook.com\/tcg.berlin\" \/>\n<meta property=\"article:modified_time\" content=\"2021-03-08T10:35:42+00:00\" \/>\n<meta name=\"twitter:card\" content=\"summary_large_image\" \/>\n<meta name=\"twitter:site\" content=\"@TCG_Berlin\" \/>\n<meta name=\"twitter:label1\" content=\"Gesch\u00e4tzte Lesezeit\" \/>\n\t<meta name=\"twitter:data1\" content=\"1 minute\" \/>\n<script type=\"application\/ld+json\" class=\"yoast-schema-graph\">{\"@context\":\"https:\\\/\\\/schema.org\",\"@graph\":[{\"@type\":\"WebPage\",\"@id\":\"https:\\\/\\\/www.tcg-service.de\\\/ueber-uns\\\/\",\"url\":\"https:\\\/\\\/www.tcg-service.de\\\/ueber-uns\\\/\",\"name\":\"| TCG - TASOEREN CONSULTING GROUP\",\"isPartOf\":{\"@id\":\"https:\\\/\\\/www.tcg-service.de\\\/#website\"},\"datePublished\":\"2016-03-13T09:06:09+00:00\",\"dateModified\":\"2021-03-08T10:35:42+00:00\",\"breadcrumb\":{\"@id\":\"https:\\\/\\\/www.tcg-service.de\\\/ueber-uns\\\/#breadcrumb\"},\"inLanguage\":\"tr-TR\",\"potentialAction\":[{\"@type\":\"ReadAction\",\"target\":[\"https:\\\/\\\/www.tcg-service.de\\\/ueber-uns\\\/\"]}]},{\"@type\":\"BreadcrumbList\",\"@id\":\"https:\\\/\\\/www.tcg-service.de\\\/ueber-uns\\\/#breadcrumb\",\"itemListElement\":[{\"@type\":\"ListItem\",\"position\":1,\"name\":\"Home\",\"item\":\"https:\\\/\\\/www.tcg-service.de\\\/\"},{\"@type\":\"ListItem\",\"position\":2,\"name\":\"\u00dcber uns\"}]},{\"@type\":\"WebSite\",\"@id\":\"https:\\\/\\\/www.tcg-service.de\\\/#website\",\"url\":\"https:\\\/\\\/www.tcg-service.de\\\/\",\"name\":\"TCG - TASOEREN CONSULTING GROUP\",\"description\":\"Think differently - Farkl\u0131 bir dan\u0131\u015fmanl\u0131k...\",\"publisher\":{\"@id\":\"https:\\\/\\\/www.tcg-service.de\\\/#organization\"},\"potentialAction\":[{\"@type\":\"SearchAction\",\"target\":{\"@type\":\"EntryPoint\",\"urlTemplate\":\"https:\\\/\\\/www.tcg-service.de\\\/?s={search_term_string}\"},\"query-input\":{\"@type\":\"PropertyValueSpecification\",\"valueRequired\":true,\"valueName\":\"search_term_string\"}}],\"inLanguage\":\"tr-TR\"},{\"@type\":\"Organization\",\"@id\":\"https:\\\/\\\/www.tcg-service.de\\\/#organization\",\"name\":\"TCG - Tasoeren Consulting Group\",\"url\":\"https:\\\/\\\/www.tcg-service.de\\\/\",\"logo\":{\"@type\":\"ImageObject\",\"inLanguage\":\"tr-TR\",\"@id\":\"https:\\\/\\\/www.tcg-service.de\\\/#\\\/schema\\\/logo\\\/image\\\/\",\"url\":\"https:\\\/\\\/i1.wp.com\\\/www.tcg-service.de\\\/wp-content\\\/uploads\\\/TCG-Favicon.png?fit=512%2C512&ssl=1\",\"contentUrl\":\"https:\\\/\\\/i1.wp.com\\\/www.tcg-service.de\\\/wp-content\\\/uploads\\\/TCG-Favicon.png?fit=512%2C512&ssl=1\",\"width\":512,\"height\":512,\"caption\":\"TCG - Tasoeren Consulting Group\"},\"image\":{\"@id\":\"https:\\\/\\\/www.tcg-service.de\\\/#\\\/schema\\\/logo\\\/image\\\/\"},\"sameAs\":[\"https:\\\/\\\/www.facebook.com\\\/tcg.berlin\",\"https:\\\/\\\/x.com\\\/TCG_Berlin\",\"https:\\\/\\\/www.linkedin.com\\\/company\\\/tcg.berlin\"]}]}<\/script>\n<!-- \/ Yoast SEO plugin. -->","yoast_head_json":{"title":"| TCG - TASOEREN CONSULTING GROUP","robots":{"index":"index","follow":"follow","max-snippet":"max-snippet:-1","max-image-preview":"max-image-preview:large","max-video-preview":"max-video-preview:-1"},"canonical":"https:\/\/www.tcg-service.de\/ueber-uns\/","og_locale":"tr_TR","og_type":"article","og_title":"| TCG - TASOEREN CONSULTING GROUP","og_url":"https:\/\/www.tcg-service.de\/ueber-uns\/","og_site_name":"TCG - TASOEREN CONSULTING GROUP","article_publisher":"https:\/\/www.facebook.com\/tcg.berlin","article_modified_time":"2021-03-08T10:35:42+00:00","twitter_card":"summary_large_image","twitter_site":"@TCG_Berlin","twitter_misc":{"Gesch\u00e4tzte Lesezeit":"1 minute"},"schema":{"@context":"https:\/\/schema.org","@graph":[{"@type":"WebPage","@id":"https:\/\/www.tcg-service.de\/ueber-uns\/","url":"https:\/\/www.tcg-service.de\/ueber-uns\/","name":"| TCG - TASOEREN CONSULTING GROUP","isPartOf":{"@id":"https:\/\/www.tcg-service.de\/#website"},"datePublished":"2016-03-13T09:06:09+00:00","dateModified":"2021-03-08T10:35:42+00:00","breadcrumb":{"@id":"https:\/\/www.tcg-service.de\/ueber-uns\/#breadcrumb"},"inLanguage":"tr-TR","potentialAction":[{"@type":"ReadAction","target":["https:\/\/www.tcg-service.de\/ueber-uns\/"]}]},{"@type":"BreadcrumbList","@id":"https:\/\/www.tcg-service.de\/ueber-uns\/#breadcrumb","itemListElement":[{"@type":"ListItem","position":1,"name":"Home","item":"https:\/\/www.tcg-service.de\/"},{"@type":"ListItem","position":2,"name":"\u00dcber uns"}]},{"@type":"WebSite","@id":"https:\/\/www.tcg-service.de\/#website","url":"https:\/\/www.tcg-service.de\/","name":"TCG - TASOEREN CONSULTING GROUP","description":"Think differently - Farkl\u0131 bir dan\u0131\u015fmanl\u0131k...","publisher":{"@id":"https:\/\/www.tcg-service.de\/#organization"},"potentialAction":[{"@type":"SearchAction","target":{"@type":"EntryPoint","urlTemplate":"https:\/\/www.tcg-service.de\/?s={search_term_string}"},"query-input":{"@type":"PropertyValueSpecification","valueRequired":true,"valueName":"search_term_string"}}],"inLanguage":"tr-TR"},{"@type":"Organization","@id":"https:\/\/www.tcg-service.de\/#organization","name":"TCG - Tasoeren Consulting Group","url":"https:\/\/www.tcg-service.de\/","logo":{"@type":"ImageObject","inLanguage":"tr-TR","@id":"https:\/\/www.tcg-service.de\/#\/schema\/logo\/image\/","url":"https:\/\/i1.wp.com\/www.tcg-service.de\/wp-content\/uploads\/TCG-Favicon.png?fit=512%2C512&ssl=1","contentUrl":"https:\/\/i1.wp.com\/www.tcg-service.de\/wp-content\/uploads\/TCG-Favicon.png?fit=512%2C512&ssl=1","width":512,"height":512,"caption":"TCG - Tasoeren Consulting Group"},"image":{"@id":"https:\/\/www.tcg-service.de\/#\/schema\/logo\/image\/"},"sameAs":["https:\/\/www.facebook.com\/tcg.berlin","https:\/\/x.com\/TCG_Berlin","https:\/\/www.linkedin.com\/company\/tcg.berlin"]}]}},"jetpack_sharing_enabled":true,"_links":{"self":[{"href":"https:\/\/www.tcg-service.de\/tr\/wp-json\/wp\/v2\/pages\/18","targetHints":{"allow":["GET"]}}],"collection":[{"href":"https:\/\/www.tcg-service.de\/tr\/wp-json\/wp\/v2\/pages"}],"about":[{"href":"https:\/\/www.tcg-service.de\/tr\/wp-json\/wp\/v2\/types\/page"}],"author":[{"embeddable":true,"href":"https:\/\/www.tcg-service.de\/tr\/wp-json\/wp\/v2\/users\/1"}],"replies":[{"embeddable":true,"href":"https:\/\/www.tcg-service.de\/tr\/wp-json\/wp\/v2\/comments?post=18"}],"version-history":[{"count":6,"href":"https:\/\/www.tcg-service.de\/tr\/wp-json\/wp\/v2\/pages\/18\/revisions"}],"predecessor-version":[{"id":2341,"href":"https:\/\/www.tcg-service.de\/tr\/wp-json\/wp\/v2\/pages\/18\/revisions\/2341"}],"wp:attachment":[{"href":"https:\/\/www.tcg-service.de\/tr\/wp-json\/wp\/v2\/media?parent=18"}],"curies":[{"name":"wp","href":"https:\/\/api.w.org\/{rel}","templated":true}]}}