{"id":155,"date":"2016-06-26T00:56:14","date_gmt":"2016-06-25T22:56:14","guid":{"rendered":"http:\/\/www.tcg-service.de\/?page_id=155"},"modified":"2016-08-10T14:37:51","modified_gmt":"2016-08-10T12:37:51","slug":"auslandsservice","status":"publish","type":"page","link":"https:\/\/www.tcg-service.de\/tr\/service\/auslandsservice\/","title":{"rendered":"T\u00fcrk \u015firketler hizmeti"},"content":{"rendered":"<h1>T\u00fcrk&nbsp;\u015firketler i\u00e7in Almanya\u2019da dan\u0131\u015fmanl\u0131k hizmetleri<\/h1>\n<p style=\"text-align: justify;\">TCG, Alman piyasas\u0131na girmek isteyen veya Almanya\u2019daki aktivi\u00adte\u00adleri i\u00e7in yard\u0131m ihtiyac\u0131 i\u00e7inde olan ba\u015fta T\u00fcrkiye\u2019den olmak \u00fczere yabanc\u0131 firmalara, \u00e7e\u015fitli hizmetler sunmakta. \u015eirketler i\u00e7in yurtd\u0131\u015f\u0131nda kar\u015f\u0131la\u015f\u0131lacak t\u00fcm i\u015flerin tek ba\u015f\u0131na \u00fcstle\u00adnil\u00admesi olduk\u00e7a zor. Yerel \u015firket\u00adlerin avantajl\u0131 oldu\u011fu yabanc\u0131 bir alanda pek \u00e7ok sorunla kar\u015f\u0131 kar\u015f\u0131ya kal\u0131na\u00adbil\u00admek\u00adtedir. Yabanc\u0131 dil proble\u00adminden, al\u0131\u015f\u0131l\u00admad\u0131k bir k\u00fclt\u00fcr ve tamamen farkl\u0131 bir resmi yap\u0131ya kadar adaptasyon sa\u011flan\u00admas\u0131 gerekmektedir.<\/p>\n<p style=\"text-align: justify;\">Sunmu\u015f oldu\u011fumuz uygun ve gerekli asist\u00adanl\u0131k hizmeti ile \u015firke\u00adt\u00adiniz Almanya\u2019da da ba\u015far\u0131s\u0131n\u0131 koruya\u00adcakt\u0131r. Alman piyasas\u0131na giri\u015fte g\u00fcvenli bir i\u015fbir\u00adli\u011fi i\u00e7in seyahat ve konaklama gibi temel konularda da pasif asist\u00adanl\u0131k hizmeti firma taraf\u0131ndan veril\u00admek\u00adtedir. T\u00fcrk CEO\u2019lara Almanca yeter\u00adli\u00adli\u011fe sahip \u00e7al\u0131\u015f\u00adan\u00adlarla hizmet verilerek \u015firket\u00adlere b\u00fcy\u00fck de\u011fer sa\u011flanmaktad\u0131r.<\/p>\n<h3>Sizin i\u00e7in ne yapabiliriz:<\/h3>\n<ul>\n<li style=\"text-align: justify;\">Talebiniz do\u011frul\u00adtu\u00adsunda, Almanya ziyaret\u00adler\u00adinizde seyahat ve konaklama \u00f6neri\u00adlerinde bulun\u00adm\u00adak\u00adtay\u0131z. TCG bir tur opera\u00adt\u00f6r\u00fc ya da acentesi de\u011fildir ancak, kendi\u00adsini bir \u00f6neri veren ya da i\u015fbir\u00adlik\u00e7i olarak g\u00f6rmektedir.<\/li>\n<li style=\"text-align: justify;\">TCG, \u00e7evre ve dil konusundaki deney\u00adimiyle toplant\u0131, fuar ve \u00e7e\u015fitli organi\u00adzasyon\u00adlar\u0131n\u0131zda size birebir \u00e7eviri hizmeti ile refakat etmektedir.<\/li>\n<li style=\"text-align: justify;\">TCG, Alman piyasas\u0131na giri\u015fi\u00adnizde size yard\u0131mc\u0131 olacakt\u0131r; \u00f6ncelikle bir distri\u00adb\u00fct\u00f6r ya da \u015firke\u00adt\u00adi\u00adnizin bir kontak ki\u015fisi gibi size Almanya\u2019da d\u00fc\u015f\u00fcnd\u00fc\u011f\u00fcn\u00fcz i\u015fin karl\u0131l\u0131\u011f\u0131n\u0131 anlamada yol g\u00f6sterecektir. Size, olu\u015fturulacak \u015firket altyap\u0131 planla\u00admas\u0131nda ya da \u015fubenizin kurul\u00admas\u0131nda nitelikli ortaklar\u0131m\u0131zla yard\u0131m etmekten mutluluk duyaca\u011f\u0131z.<\/li>\n<\/ul>\n","protected":false},"excerpt":{"rendered":"<p>T\u00fcrk&nbsp;\u015firketler i\u00e7in Almanya\u2019da dan\u0131\u015f\u00adm\u00adanl\u0131k hizmet\u00adleri TCG, Alman piyasas\u0131na girmek isteyen veya Almanya\u2019daki aktivi\u00adte\u00adleri i\u00e7in yard\u0131m ihtiyac\u0131 i\u00e7inde olan ba\u015fta T\u00fcrkiye\u2019den olmak \u00fczere yabanc\u0131 firmalara, \u00e7e\u015fitli hizmetler sunmakta. \u015eirketler i\u00e7in yurtd\u0131\u015f\u0131nda kar\u015f\u0131la\u015f\u0131lacak t\u00fcm i\u015flerin tek ba\u015f\u0131na \u00fcstle\u00adnil\u00admesi olduk\u00e7a zor. Yerel \u015firket\u00adlerin avantajl\u0131 oldu\u011fu yabanc\u0131 bir alanda pek \u00e7ok sorunla kar\u015f\u0131 kar\u015f\u0131ya kal\u0131na\u00adbil\u00admek\u00adtedir. Yabanc\u0131 dil proble\u00adminden, al\u0131\u015f\u0131l\u00admad\u0131k \u2026 <a href=\"https:\/\/www.tcg-service.de\/tr\/service\/auslandsservice\/\" class=\"more-link\"><span class=\"screen-reader-text\">T\u00fcrk \u015firketler hizmeti<\/span> weiterlesen<\/a><\/p>\n","protected":false},"author":1,"featured_media":0,"parent":68,"menu_order":24,"comment_status":"closed","ping_status":"closed","template":"","meta":{"wp_typography_post_enhancements_disabled":false,"footnotes":""},"class_list":["post-155","page","type-page","status-publish","hentry"],"translation":{"provider":"WPGlobus","version":"3.0.2","language":"tr","enabled_languages":["de","en","tr"],"languages":{"de":{"title":true,"content":true,"excerpt":false},"en":{"title":true,"content":true,"excerpt":false},"tr":{"title":true,"content":true,"excerpt":false}}},"yoast_head":"<!-- This site is optimized with the Yoast SEO plugin v27.6 - https:\/\/yoast.com\/product\/yoast-seo-wordpress\/ -->\n<title>T\u00fcrk \u015firketler hizmeti | TCG - TASOEREN CONSULTING GROUP<\/title>\n<meta name=\"robots\" content=\"index, follow, max-snippet:-1, max-image-preview:large, max-video-preview:-1\" \/>\n<link rel=\"canonical\" href=\"https:\/\/www.tcg-service.de\/tr\/service\/auslandsservice\/\" \/>\n<meta property=\"og:locale\" content=\"tr_TR\" \/>\n<meta property=\"og:type\" content=\"article\" \/>\n<meta property=\"og:title\" content=\"T\u00fcrk \u015firketler hizmeti | TCG - TASOEREN CONSULTING GROUP\" \/>\n<meta property=\"og:url\" content=\"https:\/\/www.tcg-service.de\/tr\/service\/auslandsservice\/\" \/>\n<meta property=\"og:site_name\" content=\"TCG - TASOEREN CONSULTING GROUP\" \/>\n<meta property=\"article:publisher\" content=\"https:\/\/www.facebook.com\/tcg.berlin\" \/>\n<meta property=\"article:modified_time\" content=\"2016-08-10T12:37:51+00:00\" \/>\n<meta name=\"twitter:card\" content=\"summary_large_image\" \/>\n<meta name=\"twitter:site\" content=\"@TCG_Berlin\" \/>\n<meta name=\"twitter:label1\" content=\"Gesch\u00e4tzte Lesezeit\" \/>\n\t<meta name=\"twitter:data1\" content=\"5 minutes\" \/>\n<script type=\"application\/ld+json\" class=\"yoast-schema-graph\">{\"@context\":\"https:\\\/\\\/schema.org\",\"@graph\":[{\"@type\":\"WebPage\",\"@id\":\"https:\\\/\\\/www.tcg-service.de\\\/tr\\\/service\\\/auslandsservice\\\/\",\"url\":\"https:\\\/\\\/www.tcg-service.de\\\/tr\\\/service\\\/auslandsservice\\\/\",\"name\":\"T\u00fcrk \u015firketler hizmeti | TCG - TASOEREN CONSULTING GROUP\",\"isPartOf\":{\"@id\":\"https:\\\/\\\/www.tcg-service.de\\\/#website\"},\"datePublished\":\"2016-06-25T22:56:14+00:00\",\"dateModified\":\"2016-08-10T12:37:51+00:00\",\"breadcrumb\":{\"@id\":\"https:\\\/\\\/www.tcg-service.de\\\/tr\\\/service\\\/auslandsservice\\\/#breadcrumb\"},\"inLanguage\":\"tr-TR\",\"potentialAction\":[{\"@type\":\"ReadAction\",\"target\":[\"https:\\\/\\\/www.tcg-service.de\\\/tr\\\/service\\\/auslandsservice\\\/\"]}]},{\"@type\":\"BreadcrumbList\",\"@id\":\"https:\\\/\\\/www.tcg-service.de\\\/tr\\\/service\\\/auslandsservice\\\/#breadcrumb\",\"itemListElement\":[{\"@type\":\"ListItem\",\"position\":1,\"name\":\"Home\",\"item\":\"https:\\\/\\\/www.tcg-service.de\\\/\"},{\"@type\":\"ListItem\",\"position\":2,\"name\":\"Leistungen\",\"item\":\"https:\\\/\\\/www.tcg-service.de\\\/tr\\\/service\\\/\"},{\"@type\":\"ListItem\",\"position\":3,\"name\":\"T\u00fcrk \u015firketler hizmeti\"}]},{\"@type\":\"WebSite\",\"@id\":\"https:\\\/\\\/www.tcg-service.de\\\/#website\",\"url\":\"https:\\\/\\\/www.tcg-service.de\\\/\",\"name\":\"TCG - TASOEREN CONSULTING GROUP\",\"description\":\"Think differently - Farkl\u0131 bir dan\u0131\u015fmanl\u0131k...\",\"publisher\":{\"@id\":\"https:\\\/\\\/www.tcg-service.de\\\/#organization\"},\"potentialAction\":[{\"@type\":\"SearchAction\",\"target\":{\"@type\":\"EntryPoint\",\"urlTemplate\":\"https:\\\/\\\/www.tcg-service.de\\\/?s={search_term_string}\"},\"query-input\":{\"@type\":\"PropertyValueSpecification\",\"valueRequired\":true,\"valueName\":\"search_term_string\"}}],\"inLanguage\":\"tr-TR\"},{\"@type\":\"Organization\",\"@id\":\"https:\\\/\\\/www.tcg-service.de\\\/#organization\",\"name\":\"TCG - Tasoeren Consulting Group\",\"url\":\"https:\\\/\\\/www.tcg-service.de\\\/\",\"logo\":{\"@type\":\"ImageObject\",\"inLanguage\":\"tr-TR\",\"@id\":\"https:\\\/\\\/www.tcg-service.de\\\/#\\\/schema\\\/logo\\\/image\\\/\",\"url\":\"https:\\\/\\\/i1.wp.com\\\/www.tcg-service.de\\\/wp-content\\\/uploads\\\/TCG-Favicon.png?fit=512%2C512&ssl=1\",\"contentUrl\":\"https:\\\/\\\/i1.wp.com\\\/www.tcg-service.de\\\/wp-content\\\/uploads\\\/TCG-Favicon.png?fit=512%2C512&ssl=1\",\"width\":512,\"height\":512,\"caption\":\"TCG - Tasoeren Consulting Group\"},\"image\":{\"@id\":\"https:\\\/\\\/www.tcg-service.de\\\/#\\\/schema\\\/logo\\\/image\\\/\"},\"sameAs\":[\"https:\\\/\\\/www.facebook.com\\\/tcg.berlin\",\"https:\\\/\\\/x.com\\\/TCG_Berlin\",\"https:\\\/\\\/www.linkedin.com\\\/company\\\/tcg.berlin\"]}]}<\/script>\n<!-- \/ Yoast SEO plugin. -->","yoast_head_json":{"title":"T\u00fcrk \u015firketler hizmeti | TCG - TASOEREN CONSULTING GROUP","robots":{"index":"index","follow":"follow","max-snippet":"max-snippet:-1","max-image-preview":"max-image-preview:large","max-video-preview":"max-video-preview:-1"},"canonical":"https:\/\/www.tcg-service.de\/tr\/service\/auslandsservice\/","og_locale":"tr_TR","og_type":"article","og_title":"T\u00fcrk \u015firketler hizmeti | TCG - TASOEREN CONSULTING GROUP","og_url":"https:\/\/www.tcg-service.de\/tr\/service\/auslandsservice\/","og_site_name":"TCG - TASOEREN CONSULTING GROUP","article_publisher":"https:\/\/www.facebook.com\/tcg.berlin","article_modified_time":"2016-08-10T12:37:51+00:00","twitter_card":"summary_large_image","twitter_site":"@TCG_Berlin","twitter_misc":{"Gesch\u00e4tzte Lesezeit":"5 minutes"},"schema":{"@context":"https:\/\/schema.org","@graph":[{"@type":"WebPage","@id":"https:\/\/www.tcg-service.de\/tr\/service\/auslandsservice\/","url":"https:\/\/www.tcg-service.de\/tr\/service\/auslandsservice\/","name":"T\u00fcrk \u015firketler hizmeti | TCG - TASOEREN CONSULTING GROUP","isPartOf":{"@id":"https:\/\/www.tcg-service.de\/#website"},"datePublished":"2016-06-25T22:56:14+00:00","dateModified":"2016-08-10T12:37:51+00:00","breadcrumb":{"@id":"https:\/\/www.tcg-service.de\/tr\/service\/auslandsservice\/#breadcrumb"},"inLanguage":"tr-TR","potentialAction":[{"@type":"ReadAction","target":["https:\/\/www.tcg-service.de\/tr\/service\/auslandsservice\/"]}]},{"@type":"BreadcrumbList","@id":"https:\/\/www.tcg-service.de\/tr\/service\/auslandsservice\/#breadcrumb","itemListElement":[{"@type":"ListItem","position":1,"name":"Home","item":"https:\/\/www.tcg-service.de\/"},{"@type":"ListItem","position":2,"name":"Leistungen","item":"https:\/\/www.tcg-service.de\/tr\/service\/"},{"@type":"ListItem","position":3,"name":"T\u00fcrk \u015firketler hizmeti"}]},{"@type":"WebSite","@id":"https:\/\/www.tcg-service.de\/#website","url":"https:\/\/www.tcg-service.de\/","name":"TCG - TASOEREN CONSULTING GROUP","description":"Think differently - Farkl\u0131 bir dan\u0131\u015fmanl\u0131k...","publisher":{"@id":"https:\/\/www.tcg-service.de\/#organization"},"potentialAction":[{"@type":"SearchAction","target":{"@type":"EntryPoint","urlTemplate":"https:\/\/www.tcg-service.de\/?s={search_term_string}"},"query-input":{"@type":"PropertyValueSpecification","valueRequired":true,"valueName":"search_term_string"}}],"inLanguage":"tr-TR"},{"@type":"Organization","@id":"https:\/\/www.tcg-service.de\/#organization","name":"TCG - Tasoeren Consulting Group","url":"https:\/\/www.tcg-service.de\/","logo":{"@type":"ImageObject","inLanguage":"tr-TR","@id":"https:\/\/www.tcg-service.de\/#\/schema\/logo\/image\/","url":"https:\/\/i1.wp.com\/www.tcg-service.de\/wp-content\/uploads\/TCG-Favicon.png?fit=512%2C512&ssl=1","contentUrl":"https:\/\/i1.wp.com\/www.tcg-service.de\/wp-content\/uploads\/TCG-Favicon.png?fit=512%2C512&ssl=1","width":512,"height":512,"caption":"TCG - Tasoeren Consulting Group"},"image":{"@id":"https:\/\/www.tcg-service.de\/#\/schema\/logo\/image\/"},"sameAs":["https:\/\/www.facebook.com\/tcg.berlin","https:\/\/x.com\/TCG_Berlin","https:\/\/www.linkedin.com\/company\/tcg.berlin"]}]}},"jetpack_sharing_enabled":true,"_links":{"self":[{"href":"https:\/\/www.tcg-service.de\/tr\/wp-json\/wp\/v2\/pages\/155","targetHints":{"allow":["GET"]}}],"collection":[{"href":"https:\/\/www.tcg-service.de\/tr\/wp-json\/wp\/v2\/pages"}],"about":[{"href":"https:\/\/www.tcg-service.de\/tr\/wp-json\/wp\/v2\/types\/page"}],"author":[{"embeddable":true,"href":"https:\/\/www.tcg-service.de\/tr\/wp-json\/wp\/v2\/users\/1"}],"replies":[{"embeddable":true,"href":"https:\/\/www.tcg-service.de\/tr\/wp-json\/wp\/v2\/comments?post=155"}],"version-history":[{"count":7,"href":"https:\/\/www.tcg-service.de\/tr\/wp-json\/wp\/v2\/pages\/155\/revisions"}],"predecessor-version":[{"id":350,"href":"https:\/\/www.tcg-service.de\/tr\/wp-json\/wp\/v2\/pages\/155\/revisions\/350"}],"up":[{"embeddable":true,"href":"https:\/\/www.tcg-service.de\/tr\/wp-json\/wp\/v2\/pages\/68"}],"wp:attachment":[{"href":"https:\/\/www.tcg-service.de\/tr\/wp-json\/wp\/v2\/media?parent=155"}],"curies":[{"name":"wp","href":"https:\/\/api.w.org\/{rel}","templated":true}]}}