{"id":150,"date":"2016-06-26T00:41:01","date_gmt":"2016-06-25T22:41:01","guid":{"rendered":"http:\/\/www.tcg-service.de\/?page_id=150"},"modified":"2017-07-07T01:10:23","modified_gmt":"2017-07-06T23:10:23","slug":"kreative-problemloesung","status":"publish","type":"page","link":"https:\/\/www.tcg-service.de\/tr\/service\/kreative-problemloesung\/","title":{"rendered":"Kreative Probleml\u00f6sung"},"content":{"rendered":"<h1>Kreative Probleml\u00f6sung<\/h1>\n<h2>Kennen Sie die Redewendung, \u201cden Wald vor lauter B\u00e4umen nicht&nbsp;sehen\u201d?<\/h2>\n<p>Dies ist ein h\u00e4ufig anzutref\u00adfendes Problem, welches oft nur mit der Sicht von au\u00dfen zu l\u00f6sen ist. \u00dcber die Jahre schleicht sich eine so genannte Betriebs\u00adblind\u00adheit ein, und bestimmte Abl\u00e4ufe werden nicht in Frage gestellt, weil sie schon immer so waren oder schlichtweg Alter\u00adna\u00adtiven nicht bekannt sind. Hier kommt TCG als Au\u00dfen\u00adste\u00adhender ins Spiel und kann neue Perspek\u00adtiven und L\u00f6sungen aufzeigen.<\/p>\n<p>Dabei geht es nicht ausschlie\u00df\u00adlich darum bestehende Probleme zu l\u00f6sen, die als solche erkannt wurden, sondern m\u00f6gli\u00adcher\u00adweise auch zun\u00e4chst einmal \u00fcberhaupt zu erkennen, ob und dass ein Problem besteht oder wie und wo eine Verbes\u00adse\u00adrung m\u00f6glich ist.&nbsp;Nat\u00fcr\u00adlich k\u00f6nnte ich jetzt mit einem \u00fcberdurch\u00adschnitt\u00adli\u00adchen IQ prahlen oder meine F\u00e4hig\u00adkeiten zur Verein\u00adfa\u00adchung bzw. Erfas\u00adsung von komplexen Sachver\u00adhalten und Prozessen heraus\u00adstellen, aber das wird Sie nicht \u00fcberzeugen.<\/p>\n<p>Da dies ein spezi\u00adelles M\u00e9tier meiner Person (<a href=\"https:\/\/www.tcg-service.de\/ueber-uns\/tcg-persoenlich\">Tugberk Tas\u00f6ren<\/a>) ist, mache ich Ihnen ganz pers\u00f6n\u00adlich ein Angebot, welches Sie nicht ausschlagen k\u00f6nnen:<\/p>\n<h3 style=\"text-align: center;\"><span style=\"color: #880000;\">Sollte ich ein bestimmtes Problem nicht l\u00f6sen oder keinen Vorschlag zur Verbesserung machen k\u00f6nnen, der&nbsp;wirtschaftlich umsetzbar ist, m\u00fcssen Sie mir kein Honorar zahlen \u2013 au\u00dfer meinen Spesen!<\/span><\/h3>\n","protected":false},"excerpt":{"rendered":"<p>Kreative Problem\u00adl\u00f6\u00adsung Kennen Sie die Redewen\u00addung, \u201cden Wald vor lauter B\u00e4umen nicht&nbsp;sehen\u201d? Dies ist ein h\u00e4ufig anzutref\u00adfendes Problem, welches oft nur mit der Sicht von au\u00dfen zu l\u00f6sen ist. \u00dcber die Jahre schleicht sich eine so genannte Betriebs\u00adblind\u00adheit ein, und bestimmte Abl\u00e4ufe werden nicht in Frage gestellt, weil sie schon immer so waren oder schlichtweg \u2026 <a href=\"https:\/\/www.tcg-service.de\/tr\/service\/kreative-problemloesung\/\" class=\"more-link\"><span class=\"screen-reader-text\">Kreative Problem\u00adl\u00f6\u00adsung<\/span> weiterlesen<\/a><\/p>\n","protected":false},"author":1,"featured_media":0,"parent":68,"menu_order":23,"comment_status":"closed","ping_status":"closed","template":"","meta":{"wp_typography_post_enhancements_disabled":false,"footnotes":""},"class_list":["post-150","page","type-page","status-publish","hentry"],"translation":{"provider":"WPGlobus","version":"3.0.2","language":"tr","enabled_languages":["de","en","tr"],"languages":{"de":{"title":true,"content":true,"excerpt":false},"en":{"title":true,"content":true,"excerpt":false},"tr":{"title":false,"content":false,"excerpt":false}}},"yoast_head":"<!-- This site is optimized with the Yoast SEO plugin v27.5 - https:\/\/yoast.com\/product\/yoast-seo-wordpress\/ -->\n<title>| TCG - TASOEREN CONSULTING GROUP<\/title>\n<meta name=\"robots\" content=\"index, follow, max-snippet:-1, max-image-preview:large, max-video-preview:-1\" \/>\n<link rel=\"canonical\" href=\"https:\/\/www.tcg-service.de\/tr\/service\/kreative-problemloesung\/\" \/>\n<meta property=\"og:locale\" content=\"tr_TR\" \/>\n<meta property=\"og:type\" content=\"article\" \/>\n<meta property=\"og:title\" content=\"| TCG - TASOEREN CONSULTING GROUP\" \/>\n<meta property=\"og:url\" content=\"https:\/\/www.tcg-service.de\/tr\/service\/kreative-problemloesung\/\" \/>\n<meta property=\"og:site_name\" content=\"TCG - TASOEREN CONSULTING GROUP\" \/>\n<meta property=\"article:publisher\" content=\"https:\/\/www.facebook.com\/tcg.berlin\" \/>\n<meta property=\"article:modified_time\" content=\"2017-07-06T23:10:23+00:00\" \/>\n<meta name=\"twitter:card\" content=\"summary_large_image\" \/>\n<meta name=\"twitter:site\" content=\"@TCG_Berlin\" \/>\n<meta name=\"twitter:label1\" content=\"Gesch\u00e4tzte Lesezeit\" \/>\n\t<meta name=\"twitter:data1\" content=\"2 minutes\" \/>\n<script type=\"application\/ld+json\" class=\"yoast-schema-graph\">{\"@context\":\"https:\\\/\\\/schema.org\",\"@graph\":[{\"@type\":\"WebPage\",\"@id\":\"https:\\\/\\\/www.tcg-service.de\\\/tr\\\/service\\\/kreative-problemloesung\\\/\",\"url\":\"https:\\\/\\\/www.tcg-service.de\\\/tr\\\/service\\\/kreative-problemloesung\\\/\",\"name\":\"| TCG - TASOEREN CONSULTING GROUP\",\"isPartOf\":{\"@id\":\"https:\\\/\\\/www.tcg-service.de\\\/#website\"},\"datePublished\":\"2016-06-25T22:41:01+00:00\",\"dateModified\":\"2017-07-06T23:10:23+00:00\",\"breadcrumb\":{\"@id\":\"https:\\\/\\\/www.tcg-service.de\\\/tr\\\/service\\\/kreative-problemloesung\\\/#breadcrumb\"},\"inLanguage\":\"tr-TR\",\"potentialAction\":[{\"@type\":\"ReadAction\",\"target\":[\"https:\\\/\\\/www.tcg-service.de\\\/tr\\\/service\\\/kreative-problemloesung\\\/\"]}]},{\"@type\":\"BreadcrumbList\",\"@id\":\"https:\\\/\\\/www.tcg-service.de\\\/tr\\\/service\\\/kreative-problemloesung\\\/#breadcrumb\",\"itemListElement\":[{\"@type\":\"ListItem\",\"position\":1,\"name\":\"Home\",\"item\":\"https:\\\/\\\/www.tcg-service.de\\\/\"},{\"@type\":\"ListItem\",\"position\":2,\"name\":\"Leistungen\",\"item\":\"https:\\\/\\\/www.tcg-service.de\\\/tr\\\/service\\\/\"},{\"@type\":\"ListItem\",\"position\":3,\"name\":\"Kreative Probleml\u00f6sung\"}]},{\"@type\":\"WebSite\",\"@id\":\"https:\\\/\\\/www.tcg-service.de\\\/#website\",\"url\":\"https:\\\/\\\/www.tcg-service.de\\\/\",\"name\":\"TCG - TASOEREN CONSULTING GROUP\",\"description\":\"Think differently - Farkl\u0131 bir dan\u0131\u015fmanl\u0131k...\",\"publisher\":{\"@id\":\"https:\\\/\\\/www.tcg-service.de\\\/#organization\"},\"potentialAction\":[{\"@type\":\"SearchAction\",\"target\":{\"@type\":\"EntryPoint\",\"urlTemplate\":\"https:\\\/\\\/www.tcg-service.de\\\/?s={search_term_string}\"},\"query-input\":{\"@type\":\"PropertyValueSpecification\",\"valueRequired\":true,\"valueName\":\"search_term_string\"}}],\"inLanguage\":\"tr-TR\"},{\"@type\":\"Organization\",\"@id\":\"https:\\\/\\\/www.tcg-service.de\\\/#organization\",\"name\":\"TCG - Tasoeren Consulting Group\",\"url\":\"https:\\\/\\\/www.tcg-service.de\\\/\",\"logo\":{\"@type\":\"ImageObject\",\"inLanguage\":\"tr-TR\",\"@id\":\"https:\\\/\\\/www.tcg-service.de\\\/#\\\/schema\\\/logo\\\/image\\\/\",\"url\":\"https:\\\/\\\/i1.wp.com\\\/www.tcg-service.de\\\/wp-content\\\/uploads\\\/TCG-Favicon.png?fit=512%2C512&ssl=1\",\"contentUrl\":\"https:\\\/\\\/i1.wp.com\\\/www.tcg-service.de\\\/wp-content\\\/uploads\\\/TCG-Favicon.png?fit=512%2C512&ssl=1\",\"width\":512,\"height\":512,\"caption\":\"TCG - Tasoeren Consulting Group\"},\"image\":{\"@id\":\"https:\\\/\\\/www.tcg-service.de\\\/#\\\/schema\\\/logo\\\/image\\\/\"},\"sameAs\":[\"https:\\\/\\\/www.facebook.com\\\/tcg.berlin\",\"https:\\\/\\\/x.com\\\/TCG_Berlin\",\"https:\\\/\\\/www.linkedin.com\\\/company\\\/tcg.berlin\"]}]}<\/script>\n<!-- \/ Yoast SEO plugin. -->","yoast_head_json":{"title":"| TCG - TASOEREN CONSULTING GROUP","robots":{"index":"index","follow":"follow","max-snippet":"max-snippet:-1","max-image-preview":"max-image-preview:large","max-video-preview":"max-video-preview:-1"},"canonical":"https:\/\/www.tcg-service.de\/tr\/service\/kreative-problemloesung\/","og_locale":"tr_TR","og_type":"article","og_title":"| TCG - TASOEREN CONSULTING GROUP","og_url":"https:\/\/www.tcg-service.de\/tr\/service\/kreative-problemloesung\/","og_site_name":"TCG - TASOEREN CONSULTING GROUP","article_publisher":"https:\/\/www.facebook.com\/tcg.berlin","article_modified_time":"2017-07-06T23:10:23+00:00","twitter_card":"summary_large_image","twitter_site":"@TCG_Berlin","twitter_misc":{"Gesch\u00e4tzte Lesezeit":"2 minutes"},"schema":{"@context":"https:\/\/schema.org","@graph":[{"@type":"WebPage","@id":"https:\/\/www.tcg-service.de\/tr\/service\/kreative-problemloesung\/","url":"https:\/\/www.tcg-service.de\/tr\/service\/kreative-problemloesung\/","name":"| TCG - TASOEREN CONSULTING GROUP","isPartOf":{"@id":"https:\/\/www.tcg-service.de\/#website"},"datePublished":"2016-06-25T22:41:01+00:00","dateModified":"2017-07-06T23:10:23+00:00","breadcrumb":{"@id":"https:\/\/www.tcg-service.de\/tr\/service\/kreative-problemloesung\/#breadcrumb"},"inLanguage":"tr-TR","potentialAction":[{"@type":"ReadAction","target":["https:\/\/www.tcg-service.de\/tr\/service\/kreative-problemloesung\/"]}]},{"@type":"BreadcrumbList","@id":"https:\/\/www.tcg-service.de\/tr\/service\/kreative-problemloesung\/#breadcrumb","itemListElement":[{"@type":"ListItem","position":1,"name":"Home","item":"https:\/\/www.tcg-service.de\/"},{"@type":"ListItem","position":2,"name":"Leistungen","item":"https:\/\/www.tcg-service.de\/tr\/service\/"},{"@type":"ListItem","position":3,"name":"Kreative Probleml\u00f6sung"}]},{"@type":"WebSite","@id":"https:\/\/www.tcg-service.de\/#website","url":"https:\/\/www.tcg-service.de\/","name":"TCG - TASOEREN CONSULTING GROUP","description":"Think differently - Farkl\u0131 bir dan\u0131\u015fmanl\u0131k...","publisher":{"@id":"https:\/\/www.tcg-service.de\/#organization"},"potentialAction":[{"@type":"SearchAction","target":{"@type":"EntryPoint","urlTemplate":"https:\/\/www.tcg-service.de\/?s={search_term_string}"},"query-input":{"@type":"PropertyValueSpecification","valueRequired":true,"valueName":"search_term_string"}}],"inLanguage":"tr-TR"},{"@type":"Organization","@id":"https:\/\/www.tcg-service.de\/#organization","name":"TCG - Tasoeren Consulting Group","url":"https:\/\/www.tcg-service.de\/","logo":{"@type":"ImageObject","inLanguage":"tr-TR","@id":"https:\/\/www.tcg-service.de\/#\/schema\/logo\/image\/","url":"https:\/\/i1.wp.com\/www.tcg-service.de\/wp-content\/uploads\/TCG-Favicon.png?fit=512%2C512&ssl=1","contentUrl":"https:\/\/i1.wp.com\/www.tcg-service.de\/wp-content\/uploads\/TCG-Favicon.png?fit=512%2C512&ssl=1","width":512,"height":512,"caption":"TCG - Tasoeren Consulting Group"},"image":{"@id":"https:\/\/www.tcg-service.de\/#\/schema\/logo\/image\/"},"sameAs":["https:\/\/www.facebook.com\/tcg.berlin","https:\/\/x.com\/TCG_Berlin","https:\/\/www.linkedin.com\/company\/tcg.berlin"]}]}},"jetpack_sharing_enabled":true,"_links":{"self":[{"href":"https:\/\/www.tcg-service.de\/tr\/wp-json\/wp\/v2\/pages\/150","targetHints":{"allow":["GET"]}}],"collection":[{"href":"https:\/\/www.tcg-service.de\/tr\/wp-json\/wp\/v2\/pages"}],"about":[{"href":"https:\/\/www.tcg-service.de\/tr\/wp-json\/wp\/v2\/types\/page"}],"author":[{"embeddable":true,"href":"https:\/\/www.tcg-service.de\/tr\/wp-json\/wp\/v2\/users\/1"}],"replies":[{"embeddable":true,"href":"https:\/\/www.tcg-service.de\/tr\/wp-json\/wp\/v2\/comments?post=150"}],"version-history":[{"count":14,"href":"https:\/\/www.tcg-service.de\/tr\/wp-json\/wp\/v2\/pages\/150\/revisions"}],"predecessor-version":[{"id":813,"href":"https:\/\/www.tcg-service.de\/tr\/wp-json\/wp\/v2\/pages\/150\/revisions\/813"}],"up":[{"embeddable":true,"href":"https:\/\/www.tcg-service.de\/tr\/wp-json\/wp\/v2\/pages\/68"}],"wp:attachment":[{"href":"https:\/\/www.tcg-service.de\/tr\/wp-json\/wp\/v2\/media?parent=150"}],"curies":[{"name":"wp","href":"https:\/\/api.w.org\/{rel}","templated":true}]}}