{"id":145,"date":"2016-06-26T00:32:43","date_gmt":"2016-06-25T22:32:43","guid":{"rendered":"http:\/\/www.tcg-service.de\/?page_id=145"},"modified":"2019-07-06T10:52:15","modified_gmt":"2019-07-06T08:52:15","slug":"kommunikationstraining","status":"publish","type":"page","link":"https:\/\/www.tcg-service.de\/tr\/service\/kommunikationstraining\/","title":{"rendered":"Kommunikationstraining"},"content":{"rendered":"<h1>Kommunikationstraining<\/h1>\n<p>Gerade in der heutigen Zeit, ist Kommu\u00adni\u00adka\u00adtion eines der wichtigsten Themen, sowohl in der Gesell\u00adschaft, als auch in der Wirtschaft. Unsere langj\u00e4h\u00adrige Erfah\u00adrung in diesem Bereich kann Ihnen helfen verschie\u00addenste Probleme zu bew\u00e4l\u00adtigen oder Unter\u00adneh\u00admens\u00adab\u00adl\u00e4ufe zu verbes\u00adsern. Dabei gibt es zwei expli\u00adzite Bereiche, die es vonein\u00adander zu unter\u00adscheiden gilt:<\/p>\n<h2>1. Kommunikation innerhalb des Unternehmens<br> 2. Kommunikation nach au\u00dfen mit Kunden und Lieferanten<\/h2>\n<p>In beiden Berei\u00adchen bieten wir Ihnen verschie\u00addene Dienst\u00adleis\u00adtungen an, die wir Ihnen im Folgenden kurz erl\u00e4u\u00adtern wollen:<\/p>\n<h3>1. Unternehmensinterne Kommunikation<\/h3>\n<ul>\n<li>Bei scheinbar unl\u00f6s\u00adbaren Konflikten zwischen zwei bzw. mehreren Mitar\u00adbei\u00adtern oder auch Abtei\u00adlungen bieten wir Ihnen die M\u00f6glich\u00adkeit der Media\u00adtion an. Hierbei geht es darum, einen sicheren Rahmen f\u00fcr die betrof\u00adfenen Parteien zu schaffen, in welchem eine einver\u00adnehm\u00adliche und vor allem selbst\u00adbe\u00adstimmte Konflikt\u00adre\u00adge\u00adlung erarbeitet werden kann.<\/li>\n<li>Ein weitere Aspekt der unter\u00adneh\u00admens\u00adin\u00adternen Kommu\u00adni\u00adka\u00adtion ist die Mitar\u00adbei\u00adter\u00adf\u00fch\u00adrung und \u2011motiva\u00adtion. Sie haben sicher schon oft von so genannten Motiva\u00adti\u00adons\u00adse\u00admi\u00adnaren geh\u00f6rt, wo irgendwer \u201cTschaka\u201d oder derglei\u00adchen schreit. Dies ist nicht unser M\u00e9tier, vielmehr bieten wir Ihnen Schulungen zum Thema verst\u00e4nd\u00adnis\u00advolle und partner\u00adschaft\u00adliche Kommu\u00adni\u00adka\u00adtion von Mensch zu Mensch an.<\/li>\n<\/ul>\n<h3>2. Kommunkation nach&nbsp;Au\u00dfen<\/h3>\n<ul>\n<li>Wir schulen Ihre Mitar\u00adbeiter im Umgang mit Kunden und Liefe\u00adranten auf den verschie\u00addensten Ebenen der Kommu\u00adni\u00adka\u00adtion. Dabei geht es nicht nur um die verbale Ausein\u00adan\u00adder\u00adset\u00adzung mit dem jewei\u00adligen Gegen\u00ad\u00fcber sondern auch um die innere Haltung und das umfas\u00adsende Verst\u00e4ndnis aller Kommunikationsformen.<\/li>\n<li>Sie erhalten immer wieder Beschwerden von Kunden, die mit Ihrem Service unzufrieden sind und vor allem die H\u00f6flich\u00adkeit oder das fehlende Einf\u00fch\u00adlungs\u00adver\u00adm\u00f6gen der Mitar\u00adbeiter bem\u00e4n\u00adgeln. Wir helfen Ihnen dies zu verbes\u00adsern, indem wir Ihre Mitar\u00adbeiter sowohl sprach\u00adlich als auch die Service-Einstel\u00adlung betref\u00adfend schulen.<\/li>\n<li>Ihr jetziges Verkaufs- oder Vertriebs\u00adper\u00adsonal schafft es nicht, das Unter\u00adnehmen positiv und erfolg\u00adreich zu repr\u00e4\u00adsen\u00adtieren. Wir zeigen Ihrem Team, wie es sowohl im Auftreten, als auch im pers\u00f6n\u00adli\u00adchen Gespr\u00e4ch \u00fcberzeu\u00adgend sein kann. Hierzu geh\u00f6rt auch die Schulung zu den Themen nonver\u00adbale Kommu\u00adni\u00adka\u00adtion und K\u00f6rper\u00adsprache sowie Argumantationstechniken.<\/li>\n<\/ul>\n<p>F\u00fcr alle Bereiche gilt, dass es Ihren Mitar\u00adbei\u00adtern nach einer Schulung m\u00f6glich sein wird, die Probleme, W\u00fcnsche und Bed\u00fcrf\u00adnisse des jewei\u00adligen Gegen\u00ad\u00fcbers besser zu erkennen und darauf einzu\u00adgehen. Vorsorg\u00adlich weisen wir darauf hin, dass wir keine Wunder\u00adheiler sind und Ihnen vorab keine zeitli\u00adchen oder gar exakt bezif\u00adfer\u00adbaren Ergeb\u00adnisse verspre\u00adchen k\u00f6nnen.<\/p>\n<p>Die verschie\u00addenen L\u00f6sungs\u00adan\u00ads\u00e4tze und notwen\u00addigen Ma\u00dfnahmen sind so unter\u00adschied\u00adlich, wie es die Probleme sind. Daher k\u00f6nnen wir nur gemeinsam mit Ihnen ein indivi\u00addu\u00adelles Konzept erarbeiten und Ihnen helfen es umzusetzen. Aller\u00addings kann es auch bedeuten, dass Sie als Unter\u00adnehmer oder Verant\u00adwort\u00adli\u00adcher m\u00f6gli\u00adcher\u00adweise auch etwas an den Rahmen\u00adbe\u00addin\u00adgungen \u00e4ndern m\u00fcssen.<\/p>\n","protected":false},"excerpt":{"rendered":"<p>Kommu\u00adni\u00adka\u00adti\u00adons\u00adtrai\u00adning Gerade in der heutigen Zeit, ist Kommu\u00adni\u00adka\u00adtion eines der wichtigsten Themen, sowohl in der Gesell\u00adschaft, als auch in der Wirtschaft. Unsere langj\u00e4h\u00adrige Erfah\u00adrung in diesem Bereich kann Ihnen helfen verschie\u00addenste Probleme zu bew\u00e4l\u00adtigen oder Unter\u00adneh\u00admens\u00adab\u00adl\u00e4ufe zu verbes\u00adsern. Dabei gibt es zwei expli\u00adzite Bereiche, die es vonein\u00adander zu unter\u00adscheiden gilt: 1. Kommu\u00adni\u00adka\u00adtion inner\u00adhalb des Unter\u00adneh\u00admens \u2026 <a href=\"https:\/\/www.tcg-service.de\/tr\/service\/kommunikationstraining\/\" class=\"more-link\"><span class=\"screen-reader-text\">Kommu\u00adni\u00adka\u00adti\u00adons\u00adtrai\u00adning<\/span> weiterlesen<\/a><\/p>\n","protected":false},"author":1,"featured_media":0,"parent":68,"menu_order":22,"comment_status":"closed","ping_status":"closed","template":"","meta":{"wp_typography_post_enhancements_disabled":false,"footnotes":""},"class_list":["post-145","page","type-page","status-publish","hentry"],"translation":{"provider":"WPGlobus","version":"3.0.2","language":"tr","enabled_languages":["de","en","tr"],"languages":{"de":{"title":true,"content":true,"excerpt":false},"en":{"title":true,"content":true,"excerpt":false},"tr":{"title":false,"content":false,"excerpt":false}}},"yoast_head":"<!-- This site is optimized with the Yoast SEO plugin v27.5 - https:\/\/yoast.com\/product\/yoast-seo-wordpress\/ -->\n<title>| TCG - TASOEREN CONSULTING GROUP<\/title>\n<meta name=\"robots\" content=\"index, follow, max-snippet:-1, max-image-preview:large, max-video-preview:-1\" \/>\n<link rel=\"canonical\" href=\"https:\/\/www.tcg-service.de\/tr\/service\/kommunikationstraining\/\" \/>\n<meta property=\"og:locale\" content=\"tr_TR\" \/>\n<meta property=\"og:type\" content=\"article\" \/>\n<meta property=\"og:title\" content=\"| TCG - TASOEREN CONSULTING GROUP\" \/>\n<meta property=\"og:url\" content=\"https:\/\/www.tcg-service.de\/tr\/service\/kommunikationstraining\/\" \/>\n<meta property=\"og:site_name\" content=\"TCG - TASOEREN CONSULTING GROUP\" \/>\n<meta property=\"article:publisher\" content=\"https:\/\/www.facebook.com\/tcg.berlin\" \/>\n<meta property=\"article:modified_time\" content=\"2019-07-06T08:52:15+00:00\" \/>\n<meta name=\"twitter:card\" content=\"summary_large_image\" \/>\n<meta name=\"twitter:site\" content=\"@TCG_Berlin\" \/>\n<meta name=\"twitter:label1\" content=\"Gesch\u00e4tzte Lesezeit\" \/>\n\t<meta name=\"twitter:data1\" content=\"4 minutes\" \/>\n<script type=\"application\/ld+json\" class=\"yoast-schema-graph\">{\"@context\":\"https:\\\/\\\/schema.org\",\"@graph\":[{\"@type\":\"WebPage\",\"@id\":\"https:\\\/\\\/www.tcg-service.de\\\/tr\\\/service\\\/kommunikationstraining\\\/\",\"url\":\"https:\\\/\\\/www.tcg-service.de\\\/tr\\\/service\\\/kommunikationstraining\\\/\",\"name\":\"| TCG - TASOEREN CONSULTING GROUP\",\"isPartOf\":{\"@id\":\"https:\\\/\\\/www.tcg-service.de\\\/#website\"},\"datePublished\":\"2016-06-25T22:32:43+00:00\",\"dateModified\":\"2019-07-06T08:52:15+00:00\",\"breadcrumb\":{\"@id\":\"https:\\\/\\\/www.tcg-service.de\\\/tr\\\/service\\\/kommunikationstraining\\\/#breadcrumb\"},\"inLanguage\":\"tr-TR\",\"potentialAction\":[{\"@type\":\"ReadAction\",\"target\":[\"https:\\\/\\\/www.tcg-service.de\\\/tr\\\/service\\\/kommunikationstraining\\\/\"]}]},{\"@type\":\"BreadcrumbList\",\"@id\":\"https:\\\/\\\/www.tcg-service.de\\\/tr\\\/service\\\/kommunikationstraining\\\/#breadcrumb\",\"itemListElement\":[{\"@type\":\"ListItem\",\"position\":1,\"name\":\"Home\",\"item\":\"https:\\\/\\\/www.tcg-service.de\\\/\"},{\"@type\":\"ListItem\",\"position\":2,\"name\":\"Leistungen\",\"item\":\"https:\\\/\\\/www.tcg-service.de\\\/tr\\\/service\\\/\"},{\"@type\":\"ListItem\",\"position\":3,\"name\":\"Kommunikationstraining\"}]},{\"@type\":\"WebSite\",\"@id\":\"https:\\\/\\\/www.tcg-service.de\\\/#website\",\"url\":\"https:\\\/\\\/www.tcg-service.de\\\/\",\"name\":\"TCG - TASOEREN CONSULTING GROUP\",\"description\":\"Think differently - Farkl\u0131 bir dan\u0131\u015fmanl\u0131k...\",\"publisher\":{\"@id\":\"https:\\\/\\\/www.tcg-service.de\\\/#organization\"},\"potentialAction\":[{\"@type\":\"SearchAction\",\"target\":{\"@type\":\"EntryPoint\",\"urlTemplate\":\"https:\\\/\\\/www.tcg-service.de\\\/?s={search_term_string}\"},\"query-input\":{\"@type\":\"PropertyValueSpecification\",\"valueRequired\":true,\"valueName\":\"search_term_string\"}}],\"inLanguage\":\"tr-TR\"},{\"@type\":\"Organization\",\"@id\":\"https:\\\/\\\/www.tcg-service.de\\\/#organization\",\"name\":\"TCG - Tasoeren Consulting Group\",\"url\":\"https:\\\/\\\/www.tcg-service.de\\\/\",\"logo\":{\"@type\":\"ImageObject\",\"inLanguage\":\"tr-TR\",\"@id\":\"https:\\\/\\\/www.tcg-service.de\\\/#\\\/schema\\\/logo\\\/image\\\/\",\"url\":\"https:\\\/\\\/i1.wp.com\\\/www.tcg-service.de\\\/wp-content\\\/uploads\\\/TCG-Favicon.png?fit=512%2C512&ssl=1\",\"contentUrl\":\"https:\\\/\\\/i1.wp.com\\\/www.tcg-service.de\\\/wp-content\\\/uploads\\\/TCG-Favicon.png?fit=512%2C512&ssl=1\",\"width\":512,\"height\":512,\"caption\":\"TCG - Tasoeren Consulting Group\"},\"image\":{\"@id\":\"https:\\\/\\\/www.tcg-service.de\\\/#\\\/schema\\\/logo\\\/image\\\/\"},\"sameAs\":[\"https:\\\/\\\/www.facebook.com\\\/tcg.berlin\",\"https:\\\/\\\/x.com\\\/TCG_Berlin\",\"https:\\\/\\\/www.linkedin.com\\\/company\\\/tcg.berlin\"]}]}<\/script>\n<!-- \/ Yoast SEO plugin. -->","yoast_head_json":{"title":"| TCG - TASOEREN CONSULTING GROUP","robots":{"index":"index","follow":"follow","max-snippet":"max-snippet:-1","max-image-preview":"max-image-preview:large","max-video-preview":"max-video-preview:-1"},"canonical":"https:\/\/www.tcg-service.de\/tr\/service\/kommunikationstraining\/","og_locale":"tr_TR","og_type":"article","og_title":"| TCG - TASOEREN CONSULTING GROUP","og_url":"https:\/\/www.tcg-service.de\/tr\/service\/kommunikationstraining\/","og_site_name":"TCG - TASOEREN CONSULTING GROUP","article_publisher":"https:\/\/www.facebook.com\/tcg.berlin","article_modified_time":"2019-07-06T08:52:15+00:00","twitter_card":"summary_large_image","twitter_site":"@TCG_Berlin","twitter_misc":{"Gesch\u00e4tzte Lesezeit":"4 minutes"},"schema":{"@context":"https:\/\/schema.org","@graph":[{"@type":"WebPage","@id":"https:\/\/www.tcg-service.de\/tr\/service\/kommunikationstraining\/","url":"https:\/\/www.tcg-service.de\/tr\/service\/kommunikationstraining\/","name":"| TCG - TASOEREN CONSULTING GROUP","isPartOf":{"@id":"https:\/\/www.tcg-service.de\/#website"},"datePublished":"2016-06-25T22:32:43+00:00","dateModified":"2019-07-06T08:52:15+00:00","breadcrumb":{"@id":"https:\/\/www.tcg-service.de\/tr\/service\/kommunikationstraining\/#breadcrumb"},"inLanguage":"tr-TR","potentialAction":[{"@type":"ReadAction","target":["https:\/\/www.tcg-service.de\/tr\/service\/kommunikationstraining\/"]}]},{"@type":"BreadcrumbList","@id":"https:\/\/www.tcg-service.de\/tr\/service\/kommunikationstraining\/#breadcrumb","itemListElement":[{"@type":"ListItem","position":1,"name":"Home","item":"https:\/\/www.tcg-service.de\/"},{"@type":"ListItem","position":2,"name":"Leistungen","item":"https:\/\/www.tcg-service.de\/tr\/service\/"},{"@type":"ListItem","position":3,"name":"Kommunikationstraining"}]},{"@type":"WebSite","@id":"https:\/\/www.tcg-service.de\/#website","url":"https:\/\/www.tcg-service.de\/","name":"TCG - TASOEREN CONSULTING GROUP","description":"Think differently - Farkl\u0131 bir dan\u0131\u015fmanl\u0131k...","publisher":{"@id":"https:\/\/www.tcg-service.de\/#organization"},"potentialAction":[{"@type":"SearchAction","target":{"@type":"EntryPoint","urlTemplate":"https:\/\/www.tcg-service.de\/?s={search_term_string}"},"query-input":{"@type":"PropertyValueSpecification","valueRequired":true,"valueName":"search_term_string"}}],"inLanguage":"tr-TR"},{"@type":"Organization","@id":"https:\/\/www.tcg-service.de\/#organization","name":"TCG - Tasoeren Consulting Group","url":"https:\/\/www.tcg-service.de\/","logo":{"@type":"ImageObject","inLanguage":"tr-TR","@id":"https:\/\/www.tcg-service.de\/#\/schema\/logo\/image\/","url":"https:\/\/i1.wp.com\/www.tcg-service.de\/wp-content\/uploads\/TCG-Favicon.png?fit=512%2C512&ssl=1","contentUrl":"https:\/\/i1.wp.com\/www.tcg-service.de\/wp-content\/uploads\/TCG-Favicon.png?fit=512%2C512&ssl=1","width":512,"height":512,"caption":"TCG - Tasoeren Consulting Group"},"image":{"@id":"https:\/\/www.tcg-service.de\/#\/schema\/logo\/image\/"},"sameAs":["https:\/\/www.facebook.com\/tcg.berlin","https:\/\/x.com\/TCG_Berlin","https:\/\/www.linkedin.com\/company\/tcg.berlin"]}]}},"jetpack_sharing_enabled":true,"_links":{"self":[{"href":"https:\/\/www.tcg-service.de\/tr\/wp-json\/wp\/v2\/pages\/145","targetHints":{"allow":["GET"]}}],"collection":[{"href":"https:\/\/www.tcg-service.de\/tr\/wp-json\/wp\/v2\/pages"}],"about":[{"href":"https:\/\/www.tcg-service.de\/tr\/wp-json\/wp\/v2\/types\/page"}],"author":[{"embeddable":true,"href":"https:\/\/www.tcg-service.de\/tr\/wp-json\/wp\/v2\/users\/1"}],"replies":[{"embeddable":true,"href":"https:\/\/www.tcg-service.de\/tr\/wp-json\/wp\/v2\/comments?post=145"}],"version-history":[{"count":8,"href":"https:\/\/www.tcg-service.de\/tr\/wp-json\/wp\/v2\/pages\/145\/revisions"}],"predecessor-version":[{"id":1577,"href":"https:\/\/www.tcg-service.de\/tr\/wp-json\/wp\/v2\/pages\/145\/revisions\/1577"}],"up":[{"embeddable":true,"href":"https:\/\/www.tcg-service.de\/tr\/wp-json\/wp\/v2\/pages\/68"}],"wp:attachment":[{"href":"https:\/\/www.tcg-service.de\/tr\/wp-json\/wp\/v2\/media?parent=145"}],"curies":[{"name":"wp","href":"https:\/\/api.w.org\/{rel}","templated":true}]}}