{"id":141,"date":"2016-06-26T00:16:56","date_gmt":"2016-06-25T22:16:56","guid":{"rendered":"http:\/\/www.tcg-service.de\/?page_id=141"},"modified":"2016-08-10T13:54:58","modified_gmt":"2016-08-10T11:54:58","slug":"unternehmensberatung","status":"publish","type":"page","link":"https:\/\/www.tcg-service.de\/tr\/service\/unternehmensberatung\/","title":{"rendered":"Unternehmensberatung"},"content":{"rendered":"<h1>Unternehmensberatung<\/h1>\n<p>Unser Schwer\u00adpunkt in der Unter\u00adneh\u00admens\u00adbe\u00adra\u00adtung liegt auf dem Service-Bereich. TCG hilft Ihnen den Kunden\u00adser\u00advice Ihres Unteneh\u00admens nachhaltig zu verbes\u00adsern. Dabei ist es v\u00f6llig egal, in welchem Service-Level Sie die Probleme sehen. Dies kann sowohl im Back-Office, als auch im direkten Kunden\u00adkon\u00adtakt sein \u2013 hier w\u00e4ren z. B. das Beschwerde-Manage\u00adment oder eine Service-Hotline zu nennen.<\/p>\n<p>TCG konzen\u00adtriert sich insbe\u00adson\u00addere deshalb auf dieses Segment, weil es dort die gr\u00f6\u00dften Probleme und den meisten Nachhol\u00adbe\u00addarf gibt. Nat\u00fcr\u00adlich geh\u00f6rt zum Bereich des Kunden\u00adser\u00advice auch, dass bereits bei der Entwick\u00adlung neuer Produkte und Dienst\u00adleis\u00adtungen nicht am Bedarf der Kunden vorbei gearbeitet wird. Die noch nie da gewesene Zeit der \u201cBananen-Produkte\u201d,&nbsp;die beim Kunden reifen, ist vorbei!<\/p>\n<p>Der Kunde von heute legt wieder Wert auf Qualit\u00e4t und Nutzen eines Produktes und ist bei entspre\u00adchendem Service auch bereit, mehr Geld f\u00fcr etwas auszu\u00adgeben, von dem er sich die Erf\u00fcl\u00adlung seiner Anspr\u00fcche und Bed\u00fcrf\u00adnisse verspricht. Nat\u00fcr\u00adlich hei\u00dft das nicht, dass er das Preis-Leistungs\u00adver\u00adh\u00e4ltnis aus dem Auge verliert, aber \u201cGeiz ist geil\u201d war ein Marke\u00adting-Fehlgriff, der heute vielfach bitter bereut wird.<\/p>\n<p>TCG hilft Ihnen den Markt zu erkunden, zeigt Ihnen neue Wege auf, mit Ihren Kunden in Dialog zu treten und wichtige Entschei\u00addungen zu treffen, die f\u00fcr Ihre unter\u00adneh\u00adme\u00adri\u00adsche Zukunft bedeu\u00adtend sind. Wir wollen uns gar nicht auf fest umgrenzte T\u00e4tig\u00adkeits\u00adbe\u00adreiche einschr\u00e4nken, aber wir sagen Ihnen, ob wir etwas k\u00f6nnen oder nicht. Es kann also passieren, dass wir dankend ablehnen m\u00fcssen, weil wir nicht in jedem Fachbe\u00adreich gleicher\u00adma\u00dfen spezia\u00adli\u00adsiert sind. Wir sind jedoch ehrlich genug es zuzugeben und Sie ggf. an kompe\u00adtente Partner zu verweisen.<\/p>\n<h2>Ein kleiner Auszug aus unseren T\u00e4tigkeitsbereichen:<\/h2>\n<ul>\n<li>Produkt\u00adbe\u00adra\u00adtung bei Erst- oder Weiterentwicklung<\/li>\n<li>Gesch\u00e4fts\u00adpro\u00adzess\u00adop\u00adti\u00admie\u00adrung interner Abl\u00e4ufe in der Verwaltung<\/li>\n<li>Marke\u00adting\u00adkam\u00adpa\u00adgnen f\u00fcr Image\u00adver\u00adbes\u00adse\u00adrung und Markteinf\u00fchrungen<\/li>\n<li>Einf\u00fch\u00adrung, (Re-) Organi\u00adsa\u00adtion und Betrieb einer Kundenservice-Abteilung<\/li>\n<li>Beratung bei der Imple\u00admen\u00adtie\u00adrung neuer Kommu\u00adni\u00adka\u00adtions- und EDV-Systeme<\/li>\n<li>Vertriebs\u00ador\u00adga\u00adni\u00adsa\u00adtion und\/\u200boder Anbin\u00addung des Au\u00dfen\u00addienstes an den Innendienst<\/li>\n<\/ul>\n<h3 style=\"text-align: center;\"><span style=\"color: #880000;\">Sie finden nicht, wonach Sie gesucht haben?<br> Fragen Sie uns einfach und wir sagen Ihnen, ob und wie wir Ihnen helfen k\u00f6nnen!<\/span><\/h3>\n","protected":false},"excerpt":{"rendered":"<p>Unter\u00adneh\u00admens\u00adbe\u00adra\u00adtung Unser Schwer\u00adpunkt in der Unter\u00adneh\u00admens\u00adbe\u00adra\u00adtung liegt auf dem Service-Bereich. TCG hilft Ihnen den Kunden\u00adser\u00advice Ihres Unteneh\u00admens nachhaltig zu verbes\u00adsern. Dabei ist es v\u00f6llig egal, in welchem Service-Level Sie die Probleme sehen. Dies kann sowohl im Back-Office, als auch im direkten Kunden\u00adkon\u00adtakt sein \u2013 hier w\u00e4ren z. B. das Beschwerde-Manage\u00ad\u00adment oder eine Service-Hotline zu nennen. \u2026 <a href=\"https:\/\/www.tcg-service.de\/tr\/service\/unternehmensberatung\/\" class=\"more-link\"><span class=\"screen-reader-text\">Unter\u00adneh\u00admens\u00adbe\u00adra\u00adtung<\/span> weiterlesen<\/a><\/p>\n","protected":false},"author":1,"featured_media":0,"parent":68,"menu_order":21,"comment_status":"closed","ping_status":"closed","template":"","meta":{"wp_typography_post_enhancements_disabled":false,"footnotes":""},"class_list":["post-141","page","type-page","status-publish","hentry"],"translation":{"provider":"WPGlobus","version":"3.0.2","language":"tr","enabled_languages":["de","en","tr"],"languages":{"de":{"title":true,"content":true,"excerpt":false},"en":{"title":true,"content":true,"excerpt":false},"tr":{"title":false,"content":false,"excerpt":false}}},"yoast_head":"<!-- This site is optimized with the Yoast SEO plugin v27.6 - https:\/\/yoast.com\/product\/yoast-seo-wordpress\/ -->\n<title>| TCG - TASOEREN CONSULTING GROUP<\/title>\n<meta name=\"robots\" content=\"index, follow, max-snippet:-1, max-image-preview:large, max-video-preview:-1\" \/>\n<link rel=\"canonical\" href=\"https:\/\/www.tcg-service.de\/tr\/service\/unternehmensberatung\/\" \/>\n<meta property=\"og:locale\" content=\"tr_TR\" \/>\n<meta property=\"og:type\" content=\"article\" \/>\n<meta property=\"og:title\" content=\"| TCG - TASOEREN CONSULTING GROUP\" \/>\n<meta property=\"og:url\" content=\"https:\/\/www.tcg-service.de\/tr\/service\/unternehmensberatung\/\" \/>\n<meta property=\"og:site_name\" content=\"TCG - TASOEREN CONSULTING GROUP\" \/>\n<meta property=\"article:publisher\" content=\"https:\/\/www.facebook.com\/tcg.berlin\" \/>\n<meta property=\"article:modified_time\" content=\"2016-08-10T11:54:58+00:00\" \/>\n<meta name=\"twitter:card\" content=\"summary_large_image\" \/>\n<meta name=\"twitter:site\" content=\"@TCG_Berlin\" \/>\n<meta name=\"twitter:label1\" content=\"Gesch\u00e4tzte Lesezeit\" \/>\n\t<meta name=\"twitter:data1\" content=\"4 minutes\" \/>\n<script type=\"application\/ld+json\" class=\"yoast-schema-graph\">{\"@context\":\"https:\\\/\\\/schema.org\",\"@graph\":[{\"@type\":\"WebPage\",\"@id\":\"https:\\\/\\\/www.tcg-service.de\\\/tr\\\/service\\\/unternehmensberatung\\\/\",\"url\":\"https:\\\/\\\/www.tcg-service.de\\\/tr\\\/service\\\/unternehmensberatung\\\/\",\"name\":\"| TCG - TASOEREN CONSULTING GROUP\",\"isPartOf\":{\"@id\":\"https:\\\/\\\/www.tcg-service.de\\\/#website\"},\"datePublished\":\"2016-06-25T22:16:56+00:00\",\"dateModified\":\"2016-08-10T11:54:58+00:00\",\"breadcrumb\":{\"@id\":\"https:\\\/\\\/www.tcg-service.de\\\/tr\\\/service\\\/unternehmensberatung\\\/#breadcrumb\"},\"inLanguage\":\"tr-TR\",\"potentialAction\":[{\"@type\":\"ReadAction\",\"target\":[\"https:\\\/\\\/www.tcg-service.de\\\/tr\\\/service\\\/unternehmensberatung\\\/\"]}]},{\"@type\":\"BreadcrumbList\",\"@id\":\"https:\\\/\\\/www.tcg-service.de\\\/tr\\\/service\\\/unternehmensberatung\\\/#breadcrumb\",\"itemListElement\":[{\"@type\":\"ListItem\",\"position\":1,\"name\":\"Home\",\"item\":\"https:\\\/\\\/www.tcg-service.de\\\/\"},{\"@type\":\"ListItem\",\"position\":2,\"name\":\"Leistungen\",\"item\":\"https:\\\/\\\/www.tcg-service.de\\\/tr\\\/service\\\/\"},{\"@type\":\"ListItem\",\"position\":3,\"name\":\"Unternehmensberatung\"}]},{\"@type\":\"WebSite\",\"@id\":\"https:\\\/\\\/www.tcg-service.de\\\/#website\",\"url\":\"https:\\\/\\\/www.tcg-service.de\\\/\",\"name\":\"TCG - TASOEREN CONSULTING GROUP\",\"description\":\"Think differently - Farkl\u0131 bir dan\u0131\u015fmanl\u0131k...\",\"publisher\":{\"@id\":\"https:\\\/\\\/www.tcg-service.de\\\/#organization\"},\"potentialAction\":[{\"@type\":\"SearchAction\",\"target\":{\"@type\":\"EntryPoint\",\"urlTemplate\":\"https:\\\/\\\/www.tcg-service.de\\\/?s={search_term_string}\"},\"query-input\":{\"@type\":\"PropertyValueSpecification\",\"valueRequired\":true,\"valueName\":\"search_term_string\"}}],\"inLanguage\":\"tr-TR\"},{\"@type\":\"Organization\",\"@id\":\"https:\\\/\\\/www.tcg-service.de\\\/#organization\",\"name\":\"TCG - Tasoeren Consulting Group\",\"url\":\"https:\\\/\\\/www.tcg-service.de\\\/\",\"logo\":{\"@type\":\"ImageObject\",\"inLanguage\":\"tr-TR\",\"@id\":\"https:\\\/\\\/www.tcg-service.de\\\/#\\\/schema\\\/logo\\\/image\\\/\",\"url\":\"https:\\\/\\\/i1.wp.com\\\/www.tcg-service.de\\\/wp-content\\\/uploads\\\/TCG-Favicon.png?fit=512%2C512&ssl=1\",\"contentUrl\":\"https:\\\/\\\/i1.wp.com\\\/www.tcg-service.de\\\/wp-content\\\/uploads\\\/TCG-Favicon.png?fit=512%2C512&ssl=1\",\"width\":512,\"height\":512,\"caption\":\"TCG - Tasoeren Consulting Group\"},\"image\":{\"@id\":\"https:\\\/\\\/www.tcg-service.de\\\/#\\\/schema\\\/logo\\\/image\\\/\"},\"sameAs\":[\"https:\\\/\\\/www.facebook.com\\\/tcg.berlin\",\"https:\\\/\\\/x.com\\\/TCG_Berlin\",\"https:\\\/\\\/www.linkedin.com\\\/company\\\/tcg.berlin\"]}]}<\/script>\n<!-- \/ Yoast SEO plugin. -->","yoast_head_json":{"title":"| TCG - TASOEREN CONSULTING GROUP","robots":{"index":"index","follow":"follow","max-snippet":"max-snippet:-1","max-image-preview":"max-image-preview:large","max-video-preview":"max-video-preview:-1"},"canonical":"https:\/\/www.tcg-service.de\/tr\/service\/unternehmensberatung\/","og_locale":"tr_TR","og_type":"article","og_title":"| TCG - TASOEREN CONSULTING GROUP","og_url":"https:\/\/www.tcg-service.de\/tr\/service\/unternehmensberatung\/","og_site_name":"TCG - TASOEREN CONSULTING GROUP","article_publisher":"https:\/\/www.facebook.com\/tcg.berlin","article_modified_time":"2016-08-10T11:54:58+00:00","twitter_card":"summary_large_image","twitter_site":"@TCG_Berlin","twitter_misc":{"Gesch\u00e4tzte Lesezeit":"4 minutes"},"schema":{"@context":"https:\/\/schema.org","@graph":[{"@type":"WebPage","@id":"https:\/\/www.tcg-service.de\/tr\/service\/unternehmensberatung\/","url":"https:\/\/www.tcg-service.de\/tr\/service\/unternehmensberatung\/","name":"| TCG - TASOEREN CONSULTING GROUP","isPartOf":{"@id":"https:\/\/www.tcg-service.de\/#website"},"datePublished":"2016-06-25T22:16:56+00:00","dateModified":"2016-08-10T11:54:58+00:00","breadcrumb":{"@id":"https:\/\/www.tcg-service.de\/tr\/service\/unternehmensberatung\/#breadcrumb"},"inLanguage":"tr-TR","potentialAction":[{"@type":"ReadAction","target":["https:\/\/www.tcg-service.de\/tr\/service\/unternehmensberatung\/"]}]},{"@type":"BreadcrumbList","@id":"https:\/\/www.tcg-service.de\/tr\/service\/unternehmensberatung\/#breadcrumb","itemListElement":[{"@type":"ListItem","position":1,"name":"Home","item":"https:\/\/www.tcg-service.de\/"},{"@type":"ListItem","position":2,"name":"Leistungen","item":"https:\/\/www.tcg-service.de\/tr\/service\/"},{"@type":"ListItem","position":3,"name":"Unternehmensberatung"}]},{"@type":"WebSite","@id":"https:\/\/www.tcg-service.de\/#website","url":"https:\/\/www.tcg-service.de\/","name":"TCG - TASOEREN CONSULTING GROUP","description":"Think differently - Farkl\u0131 bir dan\u0131\u015fmanl\u0131k...","publisher":{"@id":"https:\/\/www.tcg-service.de\/#organization"},"potentialAction":[{"@type":"SearchAction","target":{"@type":"EntryPoint","urlTemplate":"https:\/\/www.tcg-service.de\/?s={search_term_string}"},"query-input":{"@type":"PropertyValueSpecification","valueRequired":true,"valueName":"search_term_string"}}],"inLanguage":"tr-TR"},{"@type":"Organization","@id":"https:\/\/www.tcg-service.de\/#organization","name":"TCG - Tasoeren Consulting Group","url":"https:\/\/www.tcg-service.de\/","logo":{"@type":"ImageObject","inLanguage":"tr-TR","@id":"https:\/\/www.tcg-service.de\/#\/schema\/logo\/image\/","url":"https:\/\/i1.wp.com\/www.tcg-service.de\/wp-content\/uploads\/TCG-Favicon.png?fit=512%2C512&ssl=1","contentUrl":"https:\/\/i1.wp.com\/www.tcg-service.de\/wp-content\/uploads\/TCG-Favicon.png?fit=512%2C512&ssl=1","width":512,"height":512,"caption":"TCG - Tasoeren Consulting Group"},"image":{"@id":"https:\/\/www.tcg-service.de\/#\/schema\/logo\/image\/"},"sameAs":["https:\/\/www.facebook.com\/tcg.berlin","https:\/\/x.com\/TCG_Berlin","https:\/\/www.linkedin.com\/company\/tcg.berlin"]}]}},"jetpack_sharing_enabled":true,"_links":{"self":[{"href":"https:\/\/www.tcg-service.de\/tr\/wp-json\/wp\/v2\/pages\/141","targetHints":{"allow":["GET"]}}],"collection":[{"href":"https:\/\/www.tcg-service.de\/tr\/wp-json\/wp\/v2\/pages"}],"about":[{"href":"https:\/\/www.tcg-service.de\/tr\/wp-json\/wp\/v2\/types\/page"}],"author":[{"embeddable":true,"href":"https:\/\/www.tcg-service.de\/tr\/wp-json\/wp\/v2\/users\/1"}],"replies":[{"embeddable":true,"href":"https:\/\/www.tcg-service.de\/tr\/wp-json\/wp\/v2\/comments?post=141"}],"version-history":[{"count":2,"href":"https:\/\/www.tcg-service.de\/tr\/wp-json\/wp\/v2\/pages\/141\/revisions"}],"predecessor-version":[{"id":340,"href":"https:\/\/www.tcg-service.de\/tr\/wp-json\/wp\/v2\/pages\/141\/revisions\/340"}],"up":[{"embeddable":true,"href":"https:\/\/www.tcg-service.de\/tr\/wp-json\/wp\/v2\/pages\/68"}],"wp:attachment":[{"href":"https:\/\/www.tcg-service.de\/tr\/wp-json\/wp\/v2\/media?parent=141"}],"curies":[{"name":"wp","href":"https:\/\/api.w.org\/{rel}","templated":true}]}}