{"id":136,"date":"2016-06-26T00:03:22","date_gmt":"2016-06-25T22:03:22","guid":{"rendered":"http:\/\/www.tcg-service.de\/?page_id=136"},"modified":"2016-08-13T19:34:01","modified_gmt":"2016-08-13T17:34:01","slug":"philosophie","status":"publish","type":"page","link":"https:\/\/www.tcg-service.de\/tr\/ueber-uns\/philosophie\/","title":{"rendered":"TCG \u2013 philosophisch"},"content":{"rendered":"<h1>TCG \u2013 philosophisch<\/h1>\n<p>Dies ist ein Thema, bei dem sich die Spreu vom Weizen trennt. Leider hat sich in den vergan\u00adgenen Jahren eine Kultur der Gleich\u00adg\u00fcl\u00adtig\u00adkeit und Gewinn\u00adsucht breit gemacht, welche nicht nur zu sozialen Problemen f\u00fchrt, sondern auch wirtschaft\u00adlich gesehen unvor\u00adteil\u00adhaft&nbsp;ist.<\/p>\n<p>TCG wird gewiss nicht den Moral\u00adapostel spielen, doch wir stehen f\u00fcr gewisse Standards, die wir im Umgang mit Menschen \u2013 sowohl&nbsp;mit Kunden als auch mit Mitar\u00adbei\u00adtern \u2013 f\u00fcr sehr wichtig erachten. Beson\u00adders die Menschen stehen bei uns im Zentrum der Betrach\u00adtung aller Beratung und nicht nur die reinen Zahlen.<\/p>\n<p>Unter\u00adneh\u00admens\u00adbe\u00adra\u00adtung hat in den vergan\u00adgenen Jahren immer mehr an Bedeu\u00adtung gewonnen, weil in einer immer komplexer werdenden Welt die Anfor\u00adde\u00adrungen an Unter\u00adnehmen steigen. Diesen immer gerecht zu werden ist nicht einfach und erfor\u00addert manchmal Hilfe von au\u00dfen. Dabei ist es jedoch wichtig, nicht die eigene Identit\u00e4t zu verlieren und sich nicht von \u00e4u\u00dferen Einfl\u00fcssen abh\u00e4ngig zu machen.<\/p>\n<h2>Unternehmensberatung heute:<\/h2>\n<p>Unter\u00adneh\u00admens\u00adbe\u00adra\u00adtung heute bedeutet in den meisten F\u00e4llen, dass man sich an eine der gro\u00dfen Firmen im diesem Sektor wendet und nach Hilfe im Allge\u00admeinen oder einer spezi\u00adellen Dienst\u00adleis\u00adtung fragt. F\u00fcr alles gibt es Spezia\u00adlisten, welche nat\u00fcr\u00adlich exorbi\u00adtant teuer sind. Da kommt dann eine Horde von so genannten Fachleuten, die selbst\u00adver\u00adst\u00e4nd\u00adlich nur Business- oder gar First-Class reisen und nur in Vier- und F\u00fcnf-Sterne Hotels logieren.<\/p>\n<p>Bevor diese Menschen auch nur einen Handschlag getan haben, m\u00fcssen Sie mit einer Spesen\u00adrech\u00adnung im f\u00fcnfstel\u00adligen Bereich rechnen. Beson\u00adders absurd wird es, wenn es sich um junge Menschen von max. 25 Jahren handelt, die bisher haupt\u00adbe\u00adruf\u00adlich Sohn\/\u200bTochter waren, sorgen\u00adfrei mit Papas verdientem Geld studiert und einen \u00fcberra\u00adgenden Abschluss hinge\u00adlegt haben, weil sie selbst nie arbeiten mussten. Diese geballte Lebens\u00ader\u00adfah\u00adrung wird dann zum Verh\u00e4ngnis vieler hart arbei\u00adtender Menschen in den beratenen Unternehmen.<\/p>\n<p>Nachdem also \u00fcber drei Monate hinweg ein wie auch immer geartetes Audit durch\u00adge\u00adf\u00fchrt wurde (einfach und verst\u00e4nd\u00adlich ausge\u00addr\u00fcckt: sich die Lage angeschauen und Probleme erkennen), bekommt man als Unter\u00adnehmer meist gesagt, wieviele Menschen man entlassen muss, damit es der Firma wieder gut geht. Zu allem \u00dcberfluss wird auch alle zwei Jahre einem neuen Trend oder einer revolu\u00adtio\u00adn\u00e4ren Theorie hinter\u00adher\u00adge\u00adhe\u00adchelt, so dass heute schon keinen Pfiffer\u00adling mehr wert ist, was gestern noch gut und richtig war. Auf diese Weise sichert man sich auch gleich die Folgeauftr\u00e4ge.<\/p>\n<h2>Was also unterscheidet TCG von Anderen?<\/h2>\n<p>Wir haben das Wohl unserer Kunden immer im Zentrum unseres Blick\u00adfeldes. Unser ureigenstes Inter\u00adesse ist es, dass Sie zufrieden sind und die bestm\u00f6g\u00adliche Beratung bekommen, um Ihre indivi\u00addu\u00adellen Probleme langfristig l\u00f6sen zu k\u00f6nnen. Dabei sehen wir eben nicht nur auf die Zahlen und Fakten sondern beziehen die Menschen in unsere \u00dcberle\u00adgungen mit ein, lassen sie teilhaben, um mit ihnen gemeinsam den Erfolg zu realisieren.<\/p>\n<p>Angefangen vom Inhaber sind alle Mitar\u00adbeiter und Partner von TCG boden\u00adst\u00e4ndig, so dass keine horrenden Spesen\u00adab\u00adrech\u00adnungen Ihr wertvolles Budget belasten. Wir reisen und \u00fcbernachten g\u00fcnstig, wenn es sich nicht vermeiden l\u00e4sst, dass wir \u00fcberhaupt reisen m\u00fcssen. Auch wir wollen Geld von Ihnen, nat\u00fcr\u00adlich, aber nicht f\u00fcr unsere Anwesen\u00adheit, sondern f\u00fcr unsere Leistung, die wir f\u00fcr Sie erbringen. Es hei\u00dft immer: \u201cWat nix kost, dat is nix!\u201d Sicher, denn umsonst ist nicht einmal der Tot, doch wollen wir Sie noch ein wenig leben lassen.<\/p>\n<p>TCG ist schnell, kreativ und vor allem effektiv! Auch wir analy\u00adsieren Ihre Situa\u00adtion genau und erfassen Ihr indivi\u00addu\u00adelles Problem gezielt mit dem Auge des Au\u00dfen\u00adste\u00adhenden. Dabei kommt es uns ganz beson\u00adders darauf an, Ihnen die bestm\u00f6g\u00adliche aber dabei auch f\u00fcr alle Betei\u00adligten nachvoll\u00adzieh\u00adbare L\u00f6sung zu finden. Nat\u00fcr\u00adlich kommen wir manchmal nicht ganz ohne Zahlen und Fakten aus, aber wir werden sie nicht mit Berichten erschlagen, die kein Mensch versteht. Wir wollen mit Ihnen von Mensch zu Mensch sprechen, denn wir glauben, dass auch Unter\u00adnehmer gerne Menschen sein wollen.<\/p>\n<h3 style=\"text-align: center;\"><span style=\"color: #880000;\">Sie sind habgierig, skrupellos und unmenschlich?<br>\n<\/span><span style=\"color: #880000;\">Bitte gehen sie woanders hin!<\/span><\/h3>\n","protected":false},"excerpt":{"rendered":"<p>TCG \u2013 philo\u00adso\u00adphisch Dies ist ein Thema, bei dem sich die Spreu vom Weizen trennt. Leider hat sich in den vergan\u00adgenen Jahren eine Kultur der Gleich\u00adg\u00fcl\u00adtig\u00adkeit und Gewinn\u00adsucht breit gemacht, welche nicht nur zu sozialen Problemen f\u00fchrt, sondern auch wirtschaft\u00adlich gesehen unvor\u00adteil\u00adhaft&nbsp;ist. TCG wird gewiss nicht den Moral\u00adapostel spielen, doch wir stehen f\u00fcr gewisse Standards, \u2026 <a href=\"https:\/\/www.tcg-service.de\/tr\/ueber-uns\/philosophie\/\" class=\"more-link\"><span class=\"screen-reader-text\">TCG \u2013 philo\u00adso\u00adphisch<\/span> weiterlesen<\/a><\/p>\n","protected":false},"author":1,"featured_media":0,"parent":18,"menu_order":13,"comment_status":"closed","ping_status":"closed","template":"","meta":{"wp_typography_post_enhancements_disabled":false,"footnotes":""},"class_list":["post-136","page","type-page","status-publish","hentry"],"translation":{"provider":"WPGlobus","version":"3.0.2","language":"tr","enabled_languages":["de","en","tr"],"languages":{"de":{"title":true,"content":true,"excerpt":false},"en":{"title":true,"content":true,"excerpt":false},"tr":{"title":false,"content":false,"excerpt":false}}},"yoast_head":"<!-- This site is optimized with the Yoast SEO plugin v27.5 - https:\/\/yoast.com\/product\/yoast-seo-wordpress\/ -->\n<title>| TCG - TASOEREN CONSULTING GROUP<\/title>\n<meta name=\"robots\" content=\"index, follow, max-snippet:-1, max-image-preview:large, max-video-preview:-1\" \/>\n<link rel=\"canonical\" href=\"https:\/\/www.tcg-service.de\/ueber-uns\/philosophie\/\" \/>\n<meta property=\"og:locale\" content=\"tr_TR\" \/>\n<meta property=\"og:type\" content=\"article\" \/>\n<meta property=\"og:title\" content=\"| TCG - TASOEREN CONSULTING GROUP\" \/>\n<meta property=\"og:url\" content=\"https:\/\/www.tcg-service.de\/ueber-uns\/philosophie\/\" \/>\n<meta property=\"og:site_name\" content=\"TCG - TASOEREN CONSULTING GROUP\" \/>\n<meta property=\"article:publisher\" content=\"https:\/\/www.facebook.com\/tcg.berlin\" \/>\n<meta property=\"article:modified_time\" content=\"2016-08-13T17:34:01+00:00\" \/>\n<meta name=\"twitter:card\" content=\"summary_large_image\" \/>\n<meta name=\"twitter:site\" content=\"@TCG_Berlin\" \/>\n<meta name=\"twitter:label1\" content=\"Gesch\u00e4tzte Lesezeit\" \/>\n\t<meta name=\"twitter:data1\" content=\"7 minutes\" \/>\n<script type=\"application\/ld+json\" class=\"yoast-schema-graph\">{\"@context\":\"https:\\\/\\\/schema.org\",\"@graph\":[{\"@type\":\"WebPage\",\"@id\":\"https:\\\/\\\/www.tcg-service.de\\\/ueber-uns\\\/philosophie\\\/\",\"url\":\"https:\\\/\\\/www.tcg-service.de\\\/ueber-uns\\\/philosophie\\\/\",\"name\":\"| TCG - TASOEREN CONSULTING GROUP\",\"isPartOf\":{\"@id\":\"https:\\\/\\\/www.tcg-service.de\\\/#website\"},\"datePublished\":\"2016-06-25T22:03:22+00:00\",\"dateModified\":\"2016-08-13T17:34:01+00:00\",\"breadcrumb\":{\"@id\":\"https:\\\/\\\/www.tcg-service.de\\\/ueber-uns\\\/philosophie\\\/#breadcrumb\"},\"inLanguage\":\"tr-TR\",\"potentialAction\":[{\"@type\":\"ReadAction\",\"target\":[\"https:\\\/\\\/www.tcg-service.de\\\/ueber-uns\\\/philosophie\\\/\"]}]},{\"@type\":\"BreadcrumbList\",\"@id\":\"https:\\\/\\\/www.tcg-service.de\\\/ueber-uns\\\/philosophie\\\/#breadcrumb\",\"itemListElement\":[{\"@type\":\"ListItem\",\"position\":1,\"name\":\"Home\",\"item\":\"https:\\\/\\\/www.tcg-service.de\\\/\"},{\"@type\":\"ListItem\",\"position\":2,\"name\":\"\u00dcber uns\",\"item\":\"https:\\\/\\\/www.tcg-service.de\\\/ueber-uns\\\/\"},{\"@type\":\"ListItem\",\"position\":3,\"name\":\"TCG \u2013 philosophisch\"}]},{\"@type\":\"WebSite\",\"@id\":\"https:\\\/\\\/www.tcg-service.de\\\/#website\",\"url\":\"https:\\\/\\\/www.tcg-service.de\\\/\",\"name\":\"TCG - TASOEREN CONSULTING GROUP\",\"description\":\"Think differently - Farkl\u0131 bir dan\u0131\u015fmanl\u0131k...\",\"publisher\":{\"@id\":\"https:\\\/\\\/www.tcg-service.de\\\/#organization\"},\"potentialAction\":[{\"@type\":\"SearchAction\",\"target\":{\"@type\":\"EntryPoint\",\"urlTemplate\":\"https:\\\/\\\/www.tcg-service.de\\\/?s={search_term_string}\"},\"query-input\":{\"@type\":\"PropertyValueSpecification\",\"valueRequired\":true,\"valueName\":\"search_term_string\"}}],\"inLanguage\":\"tr-TR\"},{\"@type\":\"Organization\",\"@id\":\"https:\\\/\\\/www.tcg-service.de\\\/#organization\",\"name\":\"TCG - Tasoeren Consulting Group\",\"url\":\"https:\\\/\\\/www.tcg-service.de\\\/\",\"logo\":{\"@type\":\"ImageObject\",\"inLanguage\":\"tr-TR\",\"@id\":\"https:\\\/\\\/www.tcg-service.de\\\/#\\\/schema\\\/logo\\\/image\\\/\",\"url\":\"https:\\\/\\\/i1.wp.com\\\/www.tcg-service.de\\\/wp-content\\\/uploads\\\/TCG-Favicon.png?fit=512%2C512&ssl=1\",\"contentUrl\":\"https:\\\/\\\/i1.wp.com\\\/www.tcg-service.de\\\/wp-content\\\/uploads\\\/TCG-Favicon.png?fit=512%2C512&ssl=1\",\"width\":512,\"height\":512,\"caption\":\"TCG - Tasoeren Consulting Group\"},\"image\":{\"@id\":\"https:\\\/\\\/www.tcg-service.de\\\/#\\\/schema\\\/logo\\\/image\\\/\"},\"sameAs\":[\"https:\\\/\\\/www.facebook.com\\\/tcg.berlin\",\"https:\\\/\\\/x.com\\\/TCG_Berlin\",\"https:\\\/\\\/www.linkedin.com\\\/company\\\/tcg.berlin\"]}]}<\/script>\n<!-- \/ Yoast SEO plugin. -->","yoast_head_json":{"title":"| TCG - TASOEREN CONSULTING GROUP","robots":{"index":"index","follow":"follow","max-snippet":"max-snippet:-1","max-image-preview":"max-image-preview:large","max-video-preview":"max-video-preview:-1"},"canonical":"https:\/\/www.tcg-service.de\/ueber-uns\/philosophie\/","og_locale":"tr_TR","og_type":"article","og_title":"| TCG - TASOEREN CONSULTING GROUP","og_url":"https:\/\/www.tcg-service.de\/ueber-uns\/philosophie\/","og_site_name":"TCG - TASOEREN CONSULTING GROUP","article_publisher":"https:\/\/www.facebook.com\/tcg.berlin","article_modified_time":"2016-08-13T17:34:01+00:00","twitter_card":"summary_large_image","twitter_site":"@TCG_Berlin","twitter_misc":{"Gesch\u00e4tzte Lesezeit":"7 minutes"},"schema":{"@context":"https:\/\/schema.org","@graph":[{"@type":"WebPage","@id":"https:\/\/www.tcg-service.de\/ueber-uns\/philosophie\/","url":"https:\/\/www.tcg-service.de\/ueber-uns\/philosophie\/","name":"| TCG - TASOEREN CONSULTING GROUP","isPartOf":{"@id":"https:\/\/www.tcg-service.de\/#website"},"datePublished":"2016-06-25T22:03:22+00:00","dateModified":"2016-08-13T17:34:01+00:00","breadcrumb":{"@id":"https:\/\/www.tcg-service.de\/ueber-uns\/philosophie\/#breadcrumb"},"inLanguage":"tr-TR","potentialAction":[{"@type":"ReadAction","target":["https:\/\/www.tcg-service.de\/ueber-uns\/philosophie\/"]}]},{"@type":"BreadcrumbList","@id":"https:\/\/www.tcg-service.de\/ueber-uns\/philosophie\/#breadcrumb","itemListElement":[{"@type":"ListItem","position":1,"name":"Home","item":"https:\/\/www.tcg-service.de\/"},{"@type":"ListItem","position":2,"name":"\u00dcber uns","item":"https:\/\/www.tcg-service.de\/ueber-uns\/"},{"@type":"ListItem","position":3,"name":"TCG \u2013 philosophisch"}]},{"@type":"WebSite","@id":"https:\/\/www.tcg-service.de\/#website","url":"https:\/\/www.tcg-service.de\/","name":"TCG - TASOEREN CONSULTING GROUP","description":"Think differently - Farkl\u0131 bir dan\u0131\u015fmanl\u0131k...","publisher":{"@id":"https:\/\/www.tcg-service.de\/#organization"},"potentialAction":[{"@type":"SearchAction","target":{"@type":"EntryPoint","urlTemplate":"https:\/\/www.tcg-service.de\/?s={search_term_string}"},"query-input":{"@type":"PropertyValueSpecification","valueRequired":true,"valueName":"search_term_string"}}],"inLanguage":"tr-TR"},{"@type":"Organization","@id":"https:\/\/www.tcg-service.de\/#organization","name":"TCG - Tasoeren Consulting Group","url":"https:\/\/www.tcg-service.de\/","logo":{"@type":"ImageObject","inLanguage":"tr-TR","@id":"https:\/\/www.tcg-service.de\/#\/schema\/logo\/image\/","url":"https:\/\/i1.wp.com\/www.tcg-service.de\/wp-content\/uploads\/TCG-Favicon.png?fit=512%2C512&ssl=1","contentUrl":"https:\/\/i1.wp.com\/www.tcg-service.de\/wp-content\/uploads\/TCG-Favicon.png?fit=512%2C512&ssl=1","width":512,"height":512,"caption":"TCG - Tasoeren Consulting Group"},"image":{"@id":"https:\/\/www.tcg-service.de\/#\/schema\/logo\/image\/"},"sameAs":["https:\/\/www.facebook.com\/tcg.berlin","https:\/\/x.com\/TCG_Berlin","https:\/\/www.linkedin.com\/company\/tcg.berlin"]}]}},"jetpack_sharing_enabled":true,"_links":{"self":[{"href":"https:\/\/www.tcg-service.de\/tr\/wp-json\/wp\/v2\/pages\/136","targetHints":{"allow":["GET"]}}],"collection":[{"href":"https:\/\/www.tcg-service.de\/tr\/wp-json\/wp\/v2\/pages"}],"about":[{"href":"https:\/\/www.tcg-service.de\/tr\/wp-json\/wp\/v2\/types\/page"}],"author":[{"embeddable":true,"href":"https:\/\/www.tcg-service.de\/tr\/wp-json\/wp\/v2\/users\/1"}],"replies":[{"embeddable":true,"href":"https:\/\/www.tcg-service.de\/tr\/wp-json\/wp\/v2\/comments?post=136"}],"version-history":[{"count":10,"href":"https:\/\/www.tcg-service.de\/tr\/wp-json\/wp\/v2\/pages\/136\/revisions"}],"predecessor-version":[{"id":379,"href":"https:\/\/www.tcg-service.de\/tr\/wp-json\/wp\/v2\/pages\/136\/revisions\/379"}],"up":[{"embeddable":true,"href":"https:\/\/www.tcg-service.de\/tr\/wp-json\/wp\/v2\/pages\/18"}],"wp:attachment":[{"href":"https:\/\/www.tcg-service.de\/tr\/wp-json\/wp\/v2\/media?parent=136"}],"curies":[{"name":"wp","href":"https:\/\/api.w.org\/{rel}","templated":true}]}}