{"id":125,"date":"2016-06-25T23:50:08","date_gmt":"2016-06-25T21:50:08","guid":{"rendered":"http:\/\/www.tcg-service.de\/?page_id=125"},"modified":"2018-01-11T15:15:03","modified_gmt":"2018-01-11T14:15:03","slug":"tcg-historisch","status":"publish","type":"page","link":"https:\/\/www.tcg-service.de\/tr\/ueber-uns\/tcg-historisch\/","title":{"rendered":"TCG \u2013 historisch"},"content":{"rendered":"<h1>TCG \u2013 historisch<\/h1>\n<p>Urspr\u00fcng\u00adlich wurde TCG im Jahr 2002 als Mehrfach\u00adagentur f\u00fcr Finanz\u00addienst\u00adleis\u00adtungen gegr\u00fcndet, welche sich der optimalen Beratung im Sinne der Kunden verschrieben hat. Dabei stand als <a href=\"https:\/\/www.tcg-service.de\/ueber-uns\/philosophie\">Unter\u00adneh\u00admens\u00adphi\u00adlo\u00adso\u00adphie<\/a> von Beginn an das Kunden\u00adin\u00adter\u00adesse im Vorder\u00adgrund des Denkens und Handelns aller Partner und Mitar\u00adbeiter von&nbsp;TCG.<\/p>\n<p>Im Laufe der Jahre mehrten sich die Anfragen unserer Kunden nach erg\u00e4n\u00adzenden Beratungs\u00adleis\u00adtungen, wie z. B. der Umset\u00adzung unserer Service-Qualit\u00e4t im eigenen Betrieb sowie nach Kommu\u00adni\u00adka\u00adti\u00adons\u00adtrai\u00adnings f\u00fcr die Mitar\u00adbeiter der von TCG betreuten Firmen. Auch im Bereich der Media\u00adtion und Konflikt\u00adbe\u00adra\u00adtung hat TCG bereits diverse Erfolge erzielen k\u00f6nnen.<\/p>\n<p>Ein weiteres Segment der T\u00e4tig\u00adkeit von TCG stellen die kreativen Problem\u00adl\u00f6\u00adsungen und Ideen\u00adent\u00adwick\u00adlung dar, welche vielmehr auf einem beson\u00adderen Talent basieren, als auf angeeig\u00adneten Fertig\u00adkeiten oder erlern\u00adbarem Wissen. Gerade dieser Teil der Unter\u00adneh\u00admens\u00adbe\u00adra\u00adtung zeichnet TCG aus und hebt uns von der Vielzahl unserer Mitbe\u00adwerber ab, die eine solche Leistung nicht anbieten k\u00f6nnen.<\/p>\n<p>Mit der Zeit verla\u00adgerte sich unser T\u00e4tig\u00adkeits\u00adschwer\u00adpunkt mehr und mehr auf die reine Unter\u00adneh\u00admens\u00adbe\u00adra\u00adtung. Durch diese Entwick\u00adlung und die zuneh\u00admend schlechter werdenden gesetz\u00adli\u00adchen Rahmen\u00adbe\u00addin\u00adgungen im Finanz\u00addienst\u00adleis\u00adtungs\u00adsektor, insbe\u00adson\u00addere f\u00fcr unsere Kunden, wurde die Entschei\u00addung das Gesch\u00e4fts\u00adfeld der Beratung zu Versi\u00adche\u00adrungen und Finanzen aufzu\u00adgeben, nur zus\u00e4tz\u00adlich best\u00e4rkt.<\/p>\n<p>Seit dem 01. Januar 2008 ist TCG nunmehr ausschlie\u00df\u00adlich als Unter\u00adneh\u00admens\u00adbe\u00adra\u00adtung und Dienst\u00adleister f\u00fcr Unter\u00adnehmen jeder Branche und Gr\u00f6\u00dfe t\u00e4tig. Selbst\u00adver\u00adst\u00e4nd\u00adlich beraten wir Sie auch weiterhin gerne zu Themen der Absiche\u00adrung und k\u00f6nnen Kontakte zu guten sowie seri\u00f6sen Anbie\u00adtern herstellen, jedoch vermit\u00adteln wir nicht mehr selbst. F\u00fcr detail\u00adlierte Infor\u00adma\u00adtionen zu unseren Angeboten und Dienst\u00adleis\u00adtungen empfehlen wir den Besuch unserer Seiten \u00fcber unsere&nbsp;<a href=\"https:\/\/www.tcg-service.de\/service\">Leistungen<\/a>.<\/p>\n","protected":false},"excerpt":{"rendered":"<p>TCG \u2013 histo\u00adrisch Urspr\u00fcng\u00adlich wurde TCG im Jahr 2002 als Mehrfach\u00adagentur f\u00fcr Finanz\u00addienst\u00adleis\u00adtungen gegr\u00fcndet, welche sich der optimalen Beratung im Sinne der Kunden verschrieben hat. Dabei stand als Unter\u00adneh\u00admens\u00adphi\u00adlo\u00adso\u00adphie von Beginn an das Kunden\u00adin\u00adter\u00adesse im Vorder\u00adgrund des Denkens und Handelns aller Partner und Mitar\u00adbeiter von&nbsp;TCG. Im Laufe der Jahre mehrten sich die Anfragen unserer Kunden \u2026 <a href=\"https:\/\/www.tcg-service.de\/tr\/ueber-uns\/tcg-historisch\/\" class=\"more-link\"><span class=\"screen-reader-text\">TCG \u2013 histo\u00adrisch<\/span> weiterlesen<\/a><\/p>\n","protected":false},"author":1,"featured_media":0,"parent":18,"menu_order":12,"comment_status":"closed","ping_status":"closed","template":"","meta":{"wp_typography_post_enhancements_disabled":false,"footnotes":""},"class_list":["post-125","page","type-page","status-publish","hentry"],"translation":{"provider":"WPGlobus","version":"3.0.2","language":"tr","enabled_languages":["de","en","tr"],"languages":{"de":{"title":true,"content":true,"excerpt":false},"en":{"title":true,"content":true,"excerpt":false},"tr":{"title":false,"content":false,"excerpt":false}}},"yoast_head":"<!-- This site is optimized with the Yoast SEO plugin v27.6 - https:\/\/yoast.com\/product\/yoast-seo-wordpress\/ -->\n<title>| TCG - TASOEREN CONSULTING GROUP<\/title>\n<meta name=\"robots\" content=\"index, follow, max-snippet:-1, max-image-preview:large, max-video-preview:-1\" \/>\n<link rel=\"canonical\" href=\"https:\/\/www.tcg-service.de\/ueber-uns\/tcg-historisch\/\" \/>\n<meta property=\"og:locale\" content=\"tr_TR\" \/>\n<meta property=\"og:type\" content=\"article\" \/>\n<meta property=\"og:title\" content=\"| TCG - TASOEREN CONSULTING GROUP\" \/>\n<meta property=\"og:url\" content=\"https:\/\/www.tcg-service.de\/ueber-uns\/tcg-historisch\/\" \/>\n<meta property=\"og:site_name\" content=\"TCG - TASOEREN CONSULTING GROUP\" \/>\n<meta property=\"article:publisher\" content=\"https:\/\/www.facebook.com\/tcg.berlin\" \/>\n<meta property=\"article:modified_time\" content=\"2018-01-11T14:15:03+00:00\" \/>\n<meta name=\"twitter:card\" content=\"summary_large_image\" \/>\n<meta name=\"twitter:site\" content=\"@TCG_Berlin\" \/>\n<meta name=\"twitter:label1\" content=\"Gesch\u00e4tzte Lesezeit\" \/>\n\t<meta name=\"twitter:data1\" content=\"3 minutes\" \/>\n<script type=\"application\/ld+json\" class=\"yoast-schema-graph\">{\"@context\":\"https:\\\/\\\/schema.org\",\"@graph\":[{\"@type\":\"WebPage\",\"@id\":\"https:\\\/\\\/www.tcg-service.de\\\/ueber-uns\\\/tcg-historisch\\\/\",\"url\":\"https:\\\/\\\/www.tcg-service.de\\\/ueber-uns\\\/tcg-historisch\\\/\",\"name\":\"| TCG - TASOEREN CONSULTING GROUP\",\"isPartOf\":{\"@id\":\"https:\\\/\\\/www.tcg-service.de\\\/#website\"},\"datePublished\":\"2016-06-25T21:50:08+00:00\",\"dateModified\":\"2018-01-11T14:15:03+00:00\",\"breadcrumb\":{\"@id\":\"https:\\\/\\\/www.tcg-service.de\\\/ueber-uns\\\/tcg-historisch\\\/#breadcrumb\"},\"inLanguage\":\"tr-TR\",\"potentialAction\":[{\"@type\":\"ReadAction\",\"target\":[\"https:\\\/\\\/www.tcg-service.de\\\/ueber-uns\\\/tcg-historisch\\\/\"]}]},{\"@type\":\"BreadcrumbList\",\"@id\":\"https:\\\/\\\/www.tcg-service.de\\\/ueber-uns\\\/tcg-historisch\\\/#breadcrumb\",\"itemListElement\":[{\"@type\":\"ListItem\",\"position\":1,\"name\":\"Home\",\"item\":\"https:\\\/\\\/www.tcg-service.de\\\/\"},{\"@type\":\"ListItem\",\"position\":2,\"name\":\"\u00dcber uns\",\"item\":\"https:\\\/\\\/www.tcg-service.de\\\/ueber-uns\\\/\"},{\"@type\":\"ListItem\",\"position\":3,\"name\":\"TCG \u2013 historisch\"}]},{\"@type\":\"WebSite\",\"@id\":\"https:\\\/\\\/www.tcg-service.de\\\/#website\",\"url\":\"https:\\\/\\\/www.tcg-service.de\\\/\",\"name\":\"TCG - TASOEREN CONSULTING GROUP\",\"description\":\"Think differently - Farkl\u0131 bir dan\u0131\u015fmanl\u0131k...\",\"publisher\":{\"@id\":\"https:\\\/\\\/www.tcg-service.de\\\/#organization\"},\"potentialAction\":[{\"@type\":\"SearchAction\",\"target\":{\"@type\":\"EntryPoint\",\"urlTemplate\":\"https:\\\/\\\/www.tcg-service.de\\\/?s={search_term_string}\"},\"query-input\":{\"@type\":\"PropertyValueSpecification\",\"valueRequired\":true,\"valueName\":\"search_term_string\"}}],\"inLanguage\":\"tr-TR\"},{\"@type\":\"Organization\",\"@id\":\"https:\\\/\\\/www.tcg-service.de\\\/#organization\",\"name\":\"TCG - Tasoeren Consulting Group\",\"url\":\"https:\\\/\\\/www.tcg-service.de\\\/\",\"logo\":{\"@type\":\"ImageObject\",\"inLanguage\":\"tr-TR\",\"@id\":\"https:\\\/\\\/www.tcg-service.de\\\/#\\\/schema\\\/logo\\\/image\\\/\",\"url\":\"https:\\\/\\\/i1.wp.com\\\/www.tcg-service.de\\\/wp-content\\\/uploads\\\/TCG-Favicon.png?fit=512%2C512&ssl=1\",\"contentUrl\":\"https:\\\/\\\/i1.wp.com\\\/www.tcg-service.de\\\/wp-content\\\/uploads\\\/TCG-Favicon.png?fit=512%2C512&ssl=1\",\"width\":512,\"height\":512,\"caption\":\"TCG - Tasoeren Consulting Group\"},\"image\":{\"@id\":\"https:\\\/\\\/www.tcg-service.de\\\/#\\\/schema\\\/logo\\\/image\\\/\"},\"sameAs\":[\"https:\\\/\\\/www.facebook.com\\\/tcg.berlin\",\"https:\\\/\\\/x.com\\\/TCG_Berlin\",\"https:\\\/\\\/www.linkedin.com\\\/company\\\/tcg.berlin\"]}]}<\/script>\n<!-- \/ Yoast SEO plugin. -->","yoast_head_json":{"title":"| TCG - TASOEREN CONSULTING GROUP","robots":{"index":"index","follow":"follow","max-snippet":"max-snippet:-1","max-image-preview":"max-image-preview:large","max-video-preview":"max-video-preview:-1"},"canonical":"https:\/\/www.tcg-service.de\/ueber-uns\/tcg-historisch\/","og_locale":"tr_TR","og_type":"article","og_title":"| TCG - TASOEREN CONSULTING GROUP","og_url":"https:\/\/www.tcg-service.de\/ueber-uns\/tcg-historisch\/","og_site_name":"TCG - TASOEREN CONSULTING GROUP","article_publisher":"https:\/\/www.facebook.com\/tcg.berlin","article_modified_time":"2018-01-11T14:15:03+00:00","twitter_card":"summary_large_image","twitter_site":"@TCG_Berlin","twitter_misc":{"Gesch\u00e4tzte Lesezeit":"3 minutes"},"schema":{"@context":"https:\/\/schema.org","@graph":[{"@type":"WebPage","@id":"https:\/\/www.tcg-service.de\/ueber-uns\/tcg-historisch\/","url":"https:\/\/www.tcg-service.de\/ueber-uns\/tcg-historisch\/","name":"| TCG - TASOEREN CONSULTING GROUP","isPartOf":{"@id":"https:\/\/www.tcg-service.de\/#website"},"datePublished":"2016-06-25T21:50:08+00:00","dateModified":"2018-01-11T14:15:03+00:00","breadcrumb":{"@id":"https:\/\/www.tcg-service.de\/ueber-uns\/tcg-historisch\/#breadcrumb"},"inLanguage":"tr-TR","potentialAction":[{"@type":"ReadAction","target":["https:\/\/www.tcg-service.de\/ueber-uns\/tcg-historisch\/"]}]},{"@type":"BreadcrumbList","@id":"https:\/\/www.tcg-service.de\/ueber-uns\/tcg-historisch\/#breadcrumb","itemListElement":[{"@type":"ListItem","position":1,"name":"Home","item":"https:\/\/www.tcg-service.de\/"},{"@type":"ListItem","position":2,"name":"\u00dcber uns","item":"https:\/\/www.tcg-service.de\/ueber-uns\/"},{"@type":"ListItem","position":3,"name":"TCG \u2013 historisch"}]},{"@type":"WebSite","@id":"https:\/\/www.tcg-service.de\/#website","url":"https:\/\/www.tcg-service.de\/","name":"TCG - TASOEREN CONSULTING GROUP","description":"Think differently - Farkl\u0131 bir dan\u0131\u015fmanl\u0131k...","publisher":{"@id":"https:\/\/www.tcg-service.de\/#organization"},"potentialAction":[{"@type":"SearchAction","target":{"@type":"EntryPoint","urlTemplate":"https:\/\/www.tcg-service.de\/?s={search_term_string}"},"query-input":{"@type":"PropertyValueSpecification","valueRequired":true,"valueName":"search_term_string"}}],"inLanguage":"tr-TR"},{"@type":"Organization","@id":"https:\/\/www.tcg-service.de\/#organization","name":"TCG - Tasoeren Consulting Group","url":"https:\/\/www.tcg-service.de\/","logo":{"@type":"ImageObject","inLanguage":"tr-TR","@id":"https:\/\/www.tcg-service.de\/#\/schema\/logo\/image\/","url":"https:\/\/i1.wp.com\/www.tcg-service.de\/wp-content\/uploads\/TCG-Favicon.png?fit=512%2C512&ssl=1","contentUrl":"https:\/\/i1.wp.com\/www.tcg-service.de\/wp-content\/uploads\/TCG-Favicon.png?fit=512%2C512&ssl=1","width":512,"height":512,"caption":"TCG - Tasoeren Consulting Group"},"image":{"@id":"https:\/\/www.tcg-service.de\/#\/schema\/logo\/image\/"},"sameAs":["https:\/\/www.facebook.com\/tcg.berlin","https:\/\/x.com\/TCG_Berlin","https:\/\/www.linkedin.com\/company\/tcg.berlin"]}]}},"jetpack_sharing_enabled":true,"_links":{"self":[{"href":"https:\/\/www.tcg-service.de\/tr\/wp-json\/wp\/v2\/pages\/125","targetHints":{"allow":["GET"]}}],"collection":[{"href":"https:\/\/www.tcg-service.de\/tr\/wp-json\/wp\/v2\/pages"}],"about":[{"href":"https:\/\/www.tcg-service.de\/tr\/wp-json\/wp\/v2\/types\/page"}],"author":[{"embeddable":true,"href":"https:\/\/www.tcg-service.de\/tr\/wp-json\/wp\/v2\/users\/1"}],"replies":[{"embeddable":true,"href":"https:\/\/www.tcg-service.de\/tr\/wp-json\/wp\/v2\/comments?post=125"}],"version-history":[{"count":9,"href":"https:\/\/www.tcg-service.de\/tr\/wp-json\/wp\/v2\/pages\/125\/revisions"}],"predecessor-version":[{"id":955,"href":"https:\/\/www.tcg-service.de\/tr\/wp-json\/wp\/v2\/pages\/125\/revisions\/955"}],"up":[{"embeddable":true,"href":"https:\/\/www.tcg-service.de\/tr\/wp-json\/wp\/v2\/pages\/18"}],"wp:attachment":[{"href":"https:\/\/www.tcg-service.de\/tr\/wp-json\/wp\/v2\/media?parent=125"}],"curies":[{"name":"wp","href":"https:\/\/api.w.org\/{rel}","templated":true}]}}